{"id":1077,"date":"2019-11-05T00:01:02","date_gmt":"2019-11-05T03:01:02","guid":{"rendered":"https:\/\/insvillaangela-cha.infd.edu.ar\/sitio\/?page_id=1077"},"modified":"2021-12-01T23:38:22","modified_gmt":"2021-12-02T02:38:22","slug":"requisitos-de-inscripcion","status":"publish","type":"page","link":"https:\/\/insvillaangela-cha.infd.edu.ar\/sitio\/requisitos-de-inscripcion\/","title":{"rendered":"Requisitos de Inscripci\u00f3n"},"content":{"rendered":"\n<p>REQUISITOS A PRESENTAR EN MESA DE ENTRADA:<br>1) FICHA PERSONAL<br>2) FOTOCOPIA DEL DNI<br>3) FOTOCOPIA DE LA PARTIDA DE NACIMIENTO<br>4) FOTOCOPIA DEL TITULO DE 5\u00b0 A\u00d1O O CONSTANCIA DEL TITULO EN TRAMITE<br>5) FOLIO TAMA\u00d1O OFICIO (5)<br>6) CARPETA COLGANTE<br>7) FOTO CARNET 4 x 4 (3)<br>REQUISITOS MAYORES 25 A\u00d1OS<br>1) ITEMS ANTERIORES EXCEPTO EL 4)<br>2) CONSTANCIA DE TRABAJO<br>3) FOTOCOPIA DEL CERTIFICADO DE 7\u00b0 GRADO<br>4) NOTA (Solicitar al correo iesva.mesadentrada@gmail.com , completar y re-enviar)<\/p>\n\n\n\n<p><br>Por cualquier consulta comunicarse al correo iesva.mesadentrada@gmail.com, personal administrativo (Bedeles) le estar\u00e1 respondiendo al respecto.<br>Rector\u00eda IESVA<\/p>\n","protected":false},"excerpt":{"rendered":"<p>REQUISITOS A PRESENTAR EN MESA DE ENTRADA:1) FICHA PERSONAL2) FOTOCOPIA DEL DNI3) FOTOCOPIA DE LA PARTIDA DE NACIMIENTO4) FOTOCOPIA DEL TITULO DE 5\u00b0 A\u00d1O O CONSTANCIA DEL TITULO EN TRAMITE5) FOLIO TAMA\u00d1O OFICIO (5)6) CARPETA COLGANTE7) FOTO CARNET 4 x 4 (3)REQUISITOS MAYORES 25 A\u00d1OS1) ITEMS ANTERIORES EXCEPTO EL 4)2) CONSTANCIA DE TRABAJO3) FOTOCOPIA DEL &#8230; <a title=\"Requisitos de Inscripci\u00f3n\" class=\"read-more\" href=\"https:\/\/insvillaangela-cha.infd.edu.ar\/sitio\/requisitos-de-inscripcion\/\" aria-label=\"More on Requisitos de Inscripci\u00f3n\">[+]<\/a><\/p>\n","protected":false},"author":2428,"featured_media":0,"parent":0,"menu_order":0,"comment_status":"closed","ping_status":"closed","template":"","meta":[],"acf":[],"_links":{"self":[{"href":"https:\/\/insvillaangela-cha.infd.edu.ar\/sitio\/wp-json\/wp\/v2\/pages\/1077"}],"collection":[{"href":"https:\/\/insvillaangela-cha.infd.edu.ar\/sitio\/wp-json\/wp\/v2\/pages"}],"about":[{"href":"https:\/\/insvillaangela-cha.infd.edu.ar\/sitio\/wp-json\/wp\/v2\/types\/page"}],"author":[{"embeddable":true,"href":"https:\/\/insvillaangela-cha.infd.edu.ar\/sitio\/wp-json\/wp\/v2\/users\/2428"}],"replies":[{"embeddable":true,"href":"https:\/\/insvillaangela-cha.infd.edu.ar\/sitio\/wp-json\/wp\/v2\/comments?post=1077"}],"version-history":[{"count":7,"href":"https:\/\/insvillaangela-cha.infd.edu.ar\/sitio\/wp-json\/wp\/v2\/pages\/1077\/revisions"}],"predecessor-version":[{"id":1664,"href":"https:\/\/insvillaangela-cha.infd.edu.ar\/sitio\/wp-json\/wp\/v2\/pages\/1077\/revisions\/1664"}],"wp:attachment":[{"href":"https:\/\/insvillaangela-cha.infd.edu.ar\/sitio\/wp-json\/wp\/v2\/media?parent=1077"}],"curies":[{"name":"wp","href":"https:\/\/api.w.org\/{rel}","templated":true}]}}