{"id":1257,"date":"2020-06-18T20:37:56","date_gmt":"2020-06-18T23:37:56","guid":{"rendered":"https:\/\/insvillaangela-cha.infd.edu.ar\/sitio\/?page_id=1257"},"modified":"2020-06-18T23:05:19","modified_gmt":"2020-06-19T02:05:19","slug":"plan-de-estudio","status":"publish","type":"page","link":"https:\/\/insvillaangela-cha.infd.edu.ar\/sitio\/plan-de-estudio\/","title":{"rendered":"Plan de estudio"},"content":{"rendered":"<p style=\"text-align: center;\"><img decoding=\"async\" loading=\"lazy\" class=\" wp-image-1271 alignright\" src=\"https:\/\/insvillaangela-cha.infd.edu.ar\/sitio\/wp-content\/uploads\/2020\/06\/logo-lengua-2.jpg\" alt=\"\" width=\"191\" height=\"194\" \/> <img decoding=\"async\" loading=\"lazy\" class=\" wp-image-1272 alignleft\" src=\"https:\/\/insvillaangela-cha.infd.edu.ar\/sitio\/wp-content\/uploads\/2020\/06\/logo-lengua.jpg\" alt=\"\" width=\"187\" height=\"198\" \/>T\u00cdTULO A OTORGAR<strong>: PROFESOR\/A de Educaci\u00f3n Secundaria en Lengua y Literatu<\/strong>ra<\/p>\n<p style=\"text-align: center;\">DURACI\u00d3N DE LA CARRERA EN A\u00d1OS ACAD\u00c9MICOS: <strong>4 A\u00d1OS<\/strong><\/p>\n<p style=\"text-align: center;\"><strong>Plan de estudios aprobado por resoluci\u00f3n: 7608\/14<\/strong><\/p>\n<p style=\"text-align: center;\"><strong>PLAN DE ESTUDIOS VIGENTE<\/strong><\/p>\n<table width=\"625\">\n<tbody>\n<tr>\n<td width=\"329\">UNIDADES CURRICULARES<\/td>\n<td width=\"69\">DURACI\u00d3N<\/td>\n<td width=\"82\">HORAS C\u00c0TEDRA SEMANALES<\/td>\n<td width=\"144\">CAMPOS<\/td>\n<\/tr>\n<tr>\n<td width=\"329\"><strong>PRIMER A\u00d1O<\/strong><\/td>\n<td width=\"69\"><\/td>\n<td width=\"82\"><\/td>\n<td width=\"144\"><\/td>\n<\/tr>\n<tr>\n<td width=\"329\">1.\u00a0\u00a0\u00a0\u00a0\u00a0\u00a0 Pedagog\u00eda<\/td>\n<td width=\"69\">Anual<\/td>\n<td width=\"82\">4<\/td>\n<td rowspan=\"3\" width=\"144\">DE LA FORMACI\u00d3N GENERAL<\/td>\n<\/tr>\n<tr>\n<td width=\"329\">2.\u00a0\u00a0\u00a0\u00a0\u00a0\u00a0 Alfabetizaci\u00f3n Acad\u00e9mica<\/td>\n<td width=\"69\">Anual<\/td>\n<td width=\"82\">3<\/td>\n<\/tr>\n<tr>\n<td width=\"329\">3.\u00a0\u00a0\u00a0\u00a0\u00a0\u00a0 Did\u00e1ctica General<\/td>\n<td width=\"69\">Anual<\/td>\n<td width=\"82\">4<\/td>\n<\/tr>\n<tr>\n<td width=\"329\">4.\u00a0\u00a0\u00a0\u00a0\u00a0\u00a0 Literatura Cl\u00e1sica I<\/td>\n<td width=\"69\">1\u00ba Cuat.<\/td>\n<td width=\"82\">4<\/td>\n<td rowspan=\"5\" width=\"144\">DE LA FORMACI\u00d3N ESPEC\u00cdFICA<\/td>\n<\/tr>\n<tr>\n<td width=\"329\">5.\u00a0\u00a0\u00a0\u00a0\u00a0\u00a0 Literatura Cl\u00e1sica II<\/td>\n<td width=\"69\">2\u00ba Cuat.<\/td>\n<td width=\"82\">4<\/td>\n<\/tr>\n<tr>\n<td width=\"329\">6.\u00a0\u00a0\u00a0\u00a0\u00a0\u00a0 Taller de Introducci\u00f3n a los Estudios Literarios y Cr\u00edtica Literaria<\/td>\n<td width=\"69\">Anual<\/td>\n<td width=\"82\">4<\/td>\n<\/tr>\n<tr>\n<td width=\"329\">7.\u00a0\u00a0\u00a0\u00a0\u00a0\u00a0 Lengua I<\/td>\n<td width=\"69\">Anual<\/td>\n<td width=\"82\">4<\/td>\n<\/tr>\n<tr>\n<td width=\"329\">8.\u00a0\u00a0\u00a0\u00a0\u00a0\u00a0 Sujeto de la Educaci\u00f3n Secundaria<\/td>\n<td width=\"69\">Anual<\/td>\n<td width=\"82\">4<\/td>\n<\/tr>\n<tr>\n<td width=\"329\">9.\u00a0\u00a0\u00a0\u00a0\u00a0\u00a0 Pr\u00e1ctica Docente I<\/td>\n<td width=\"69\">Anual<\/td>\n<td width=\"82\">5<\/td>\n<td width=\"144\">DE LA FORMACI\u00d3N EN LA PR\u00c1CTICA PROFESIONAL<\/td>\n<\/tr>\n<tr>\n<td width=\"329\"><strong>\u00a0<\/strong><\/td>\n<td width=\"69\"><\/td>\n<td width=\"82\"><\/td>\n<td width=\"144\"><\/td>\n<\/tr>\n<tr>\n<td width=\"329\"><strong>SEGUNDO A\u00d1O<\/strong><\/td>\n<td width=\"69\"><\/td>\n<td width=\"82\"><\/td>\n<td width=\"144\"><\/td>\n<\/tr>\n<tr>\n<td width=\"329\">1.\u00a0\u00a0\u00a0\u00a0\u00a0\u00a0 Psicolog\u00eda educacional<\/td>\n<td width=\"69\">Anual<\/td>\n<td width=\"82\">3<\/td>\n<td rowspan=\"4\" width=\"144\">&nbsp;<\/p>\n<p>&nbsp;<\/p>\n<p>DE LA FORMACI\u00d3N GENERAL<\/td>\n<\/tr>\n<tr>\n<td width=\"329\">2.\u00a0\u00a0\u00a0\u00a0\u00a0\u00a0 Filosof\u00eda<\/td>\n<td width=\"69\">Anual<\/td>\n<td width=\"82\">3<\/td>\n<\/tr>\n<tr>\n<td width=\"329\">3.\u00a0\u00a0\u00a0\u00a0\u00a0\u00a0 Tecnolog\u00eda de la informaci\u00f3n y de la comunicaci\u00f3n en Educaci\u00f3n<\/td>\n<td width=\"69\">1\u00ba Cuat.<\/td>\n<td width=\"82\">3<\/td>\n<\/tr>\n<tr>\n<td width=\"329\">4.\u00a0\u00a0\u00a0\u00a0\u00a0\u00a0 Cultura y lenguas originarias<\/td>\n<td width=\"69\">2\u00baCuat.<\/td>\n<td width=\"82\">3<\/td>\n<\/tr>\n<tr>\n<td width=\"329\">5.\u00a0\u00a0\u00a0\u00a0\u00a0\u00a0 Literatura Comparada I<\/td>\n<td width=\"69\">1\u00ba Cuat<\/td>\n<td width=\"82\">4<\/td>\n<td rowspan=\"6\" width=\"144\">&nbsp;<\/p>\n<p>&nbsp;<\/p>\n<p>DE LA FORMACI\u00d3N ESPEC\u00cdFICA<\/td>\n<\/tr>\n<tr>\n<td width=\"329\">6.\u00a0\u00a0\u00a0\u00a0\u00a0\u00a0 An\u00e1lisis del discurso<\/td>\n<td width=\"69\">2\u00ba cuat.<\/td>\n<td width=\"82\">3<\/td>\n<\/tr>\n<tr>\n<td width=\"329\">7.\u00a0\u00a0\u00a0\u00a0\u00a0\u00a0 Ling\u00fc\u00edstica I<\/td>\n<td width=\"69\">Anual<\/td>\n<td width=\"82\">4<\/td>\n<\/tr>\n<tr>\n<td width=\"329\">8.\u00a0\u00a0\u00a0\u00a0\u00a0\u00a0 Literatura Argentina I<\/td>\n<td width=\"69\">Anual<\/td>\n<td width=\"82\">4<\/td>\n<\/tr>\n<tr>\n<td width=\"329\">9.\u00a0\u00a0\u00a0\u00a0\u00a0\u00a0 Taller de lectura, escritura y oralidad<\/td>\n<td width=\"69\">Anual<\/td>\n<td width=\"82\">3<\/td>\n<\/tr>\n<tr>\n<td width=\"329\">10.\u00a0\u00a0\u00a0 Literatura para ni\u00f1os y j\u00f3venes<\/td>\n<td width=\"69\">Anual<\/td>\n<td width=\"82\">4<\/td>\n<\/tr>\n<tr>\n<td width=\"329\">11.\u00a0\u00a0\u00a0 Pr\u00e1ctica Docente II<\/td>\n<td width=\"69\">Anual<\/td>\n<td width=\"82\">6<\/td>\n<td width=\"144\">DE LA FORMACI\u00d3N EN LA PR\u00c1CTICA PROFESIONAL<\/td>\n<\/tr>\n<tr>\n<td width=\"329\"><strong>\u00a0<\/strong><\/td>\n<td width=\"69\"><\/td>\n<td width=\"82\"><\/td>\n<td width=\"144\"><\/td>\n<\/tr>\n<tr>\n<td width=\"329\"><strong>TERCER A\u00d1O<\/strong><\/td>\n<td width=\"69\"><\/td>\n<td width=\"82\"><\/td>\n<td width=\"144\"><\/td>\n<\/tr>\n<tr>\n<td width=\"329\">1.\u00a0\u00a0\u00a0\u00a0\u00a0\u00a0 Sociolog\u00eda de la Educaci\u00f3n<\/td>\n<td width=\"69\">Anual<\/td>\n<td width=\"82\">3<\/td>\n<td rowspan=\"2\" width=\"144\">&nbsp;<\/p>\n<p>DE LA FORMACI\u00d3N GENERAL<\/td>\n<\/tr>\n<tr>\n<td width=\"329\">2.\u00a0\u00a0\u00a0\u00a0\u00a0\u00a0 Historia y Pol\u00edtica de la Educaci\u00f3n Latinoamericana, Argentina y Chaque\u00f1a<\/td>\n<td width=\"69\">Anual<\/td>\n<td width=\"82\">4<\/td>\n<\/tr>\n<tr>\n<td width=\"329\">3.\u00a0\u00a0\u00a0\u00a0\u00a0\u00a0 Ling\u00fc\u00edstica II<\/td>\n<td width=\"69\">Anual<\/td>\n<td width=\"82\">4<\/td>\n<td rowspan=\"5\" width=\"144\">&nbsp;<\/p>\n<p>&nbsp;<\/p>\n<p>DE LA FORMACI\u00d3N ESPEC\u00cdFICA<\/td>\n<\/tr>\n<tr>\n<td width=\"329\">4.\u00a0\u00a0\u00a0\u00a0\u00a0\u00a0 Teor\u00eda Literaria<\/td>\n<td width=\"69\">Anual<\/td>\n<td width=\"82\">5<\/td>\n<\/tr>\n<tr>\n<td width=\"329\">5.\u00a0\u00a0\u00a0\u00a0\u00a0\u00a0 Did\u00e1ctica de la Lengua<\/td>\n<td width=\"69\">Anual<\/td>\n<td width=\"82\">4<\/td>\n<\/tr>\n<tr>\n<td width=\"329\">6.\u00a0\u00a0\u00a0\u00a0\u00a0\u00a0 Did\u00e1ctica de la Literatura<\/td>\n<td width=\"69\">Anual<\/td>\n<td width=\"82\">4<\/td>\n<\/tr>\n<tr>\n<td width=\"329\">7.\u00a0\u00a0\u00a0\u00a0\u00a0\u00a0 Literatura Argentina II<\/td>\n<td width=\"69\">Anual<\/td>\n<td width=\"82\">4<\/td>\n<\/tr>\n<tr>\n<td width=\"329\">8.\u00a0\u00a0\u00a0\u00a0\u00a0\u00a0 Pr\u00e1ctica Docente III<\/td>\n<td width=\"69\">Anual<\/td>\n<td width=\"82\">7<\/td>\n<td width=\"144\">DE LA FORMACI\u00d3N EN LA PR\u00c1CTICA PROFESIONAL<\/td>\n<\/tr>\n<tr>\n<td width=\"329\"><strong>\u00a0<\/strong><\/td>\n<td width=\"69\"><\/td>\n<td width=\"82\"><\/td>\n<td width=\"144\"><\/td>\n<\/tr>\n<tr>\n<td width=\"329\"><strong>CUARTO A\u00d1O<\/strong><\/td>\n<td width=\"69\"><\/td>\n<td width=\"82\"><\/td>\n<td width=\"144\"><\/td>\n<\/tr>\n<tr>\n<td width=\"329\">1.\u00a0\u00a0\u00a0\u00a0\u00a0\u00a0 Formaci\u00f3n en Derechos Humanos, \u00c9tica y Ciudadan\u00eda<\/td>\n<td width=\"69\">Anual<\/td>\n<td width=\"82\">4<\/td>\n<td width=\"144\">DE LA FORMACI\u00d3N GENERAL<\/td>\n<\/tr>\n<tr>\n<td width=\"329\">2.\u00a0\u00a0\u00a0\u00a0\u00a0\u00a0 Lengua II<\/td>\n<td width=\"69\">Anual<\/td>\n<td width=\"82\">4<\/td>\n<td rowspan=\"4\" width=\"144\">&nbsp;<\/p>\n<p>DE LA FORMACI\u00d3N ESPEC\u00cdFICA<\/td>\n<\/tr>\n<tr>\n<td width=\"329\">3.\u00a0\u00a0\u00a0\u00a0\u00a0\u00a0 Literatura Latinoamericana<\/td>\n<td width=\"69\">Anual<\/td>\n<td width=\"82\">4<\/td>\n<\/tr>\n<tr>\n<td width=\"329\">4.\u00a0\u00a0\u00a0\u00a0\u00a0\u00a0 Literatura Comparada II<\/td>\n<td width=\"69\">Anual<\/td>\n<td width=\"82\">4<\/td>\n<\/tr>\n<tr>\n<td width=\"329\">5.\u00a0\u00a0\u00a0\u00a0\u00a0\u00a0 Semi\u00f3tica y otros Discursos<\/td>\n<td width=\"69\">Anual<\/td>\n<td width=\"82\">4<\/td>\n<\/tr>\n<tr>\n<td width=\"329\">6.\u00a0\u00a0\u00a0\u00a0\u00a0\u00a0 Residencia Pedag\u00f3gica<\/td>\n<td width=\"69\">Anual<\/td>\n<td width=\"82\">8<\/td>\n<td width=\"144\">DE LA FORMACI\u00d3N EN LA PR\u00c1CTICA PROFESIONAL<\/td>\n<\/tr>\n<\/tbody>\n<\/table>\n<p>&nbsp;<\/p>\n","protected":false},"excerpt":{"rendered":"<p>T\u00cdTULO A OTORGAR: PROFESOR\/A de Educaci\u00f3n Secundaria en Lengua y Literatura DURACI\u00d3N DE LA CARRERA EN A\u00d1OS ACAD\u00c9MICOS: 4 A\u00d1OS Plan de estudios aprobado por resoluci\u00f3n: 7608\/14 PLAN DE ESTUDIOS VIGENTE UNIDADES CURRICULARES DURACI\u00d3N HORAS C\u00c0TEDRA SEMANALES CAMPOS PRIMER A\u00d1O 1.\u00a0\u00a0\u00a0\u00a0\u00a0\u00a0 Pedagog\u00eda Anual 4 DE LA FORMACI\u00d3N GENERAL 2.\u00a0\u00a0\u00a0\u00a0\u00a0\u00a0 Alfabetizaci\u00f3n Acad\u00e9mica Anual 3 3.\u00a0\u00a0\u00a0\u00a0\u00a0\u00a0 Did\u00e1ctica &#8230; <a title=\"Plan de estudio\" class=\"read-more\" href=\"https:\/\/insvillaangela-cha.infd.edu.ar\/sitio\/plan-de-estudio\/\" aria-label=\"More on Plan de estudio\">[+]<\/a><\/p>\n","protected":false},"author":2428,"featured_media":0,"parent":0,"menu_order":0,"comment_status":"closed","ping_status":"closed","template":"","meta":[],"acf":[],"_links":{"self":[{"href":"https:\/\/insvillaangela-cha.infd.edu.ar\/sitio\/wp-json\/wp\/v2\/pages\/1257"}],"collection":[{"href":"https:\/\/insvillaangela-cha.infd.edu.ar\/sitio\/wp-json\/wp\/v2\/pages"}],"about":[{"href":"https:\/\/insvillaangela-cha.infd.edu.ar\/sitio\/wp-json\/wp\/v2\/types\/page"}],"author":[{"embeddable":true,"href":"https:\/\/insvillaangela-cha.infd.edu.ar\/sitio\/wp-json\/wp\/v2\/users\/2428"}],"replies":[{"embeddable":true,"href":"https:\/\/insvillaangela-cha.infd.edu.ar\/sitio\/wp-json\/wp\/v2\/comments?post=1257"}],"version-history":[{"count":4,"href":"https:\/\/insvillaangela-cha.infd.edu.ar\/sitio\/wp-json\/wp\/v2\/pages\/1257\/revisions"}],"predecessor-version":[{"id":1278,"href":"https:\/\/insvillaangela-cha.infd.edu.ar\/sitio\/wp-json\/wp\/v2\/pages\/1257\/revisions\/1278"}],"wp:attachment":[{"href":"https:\/\/insvillaangela-cha.infd.edu.ar\/sitio\/wp-json\/wp\/v2\/media?parent=1257"}],"curies":[{"name":"wp","href":"https:\/\/api.w.org\/{rel}","templated":true}]}}