{"id":1333,"date":"2020-06-20T21:17:39","date_gmt":"2020-06-21T00:17:39","guid":{"rendered":"https:\/\/insvillaangela-cha.infd.edu.ar\/sitio\/?page_id=1333"},"modified":"2020-06-20T21:17:39","modified_gmt":"2020-06-21T00:17:39","slug":"plan-de-estudio-historia","status":"publish","type":"page","link":"https:\/\/insvillaangela-cha.infd.edu.ar\/sitio\/plan-de-estudio-historia\/","title":{"rendered":"Plan de estudio"},"content":{"rendered":"<h4 style=\"text-align: center;\">TITULO A OTORGAR: Profesor\/a de Educaci\u00f3n Secundaria en Historia<\/h4>\n<h4 style=\"text-align: center;\">DURACI\u00d3N<strong>\u00a0DE LA CARRERA EN A\u00d1OS\u00a0<\/strong>ACAD\u00c9MICOS: 4 a\u00f1os \/\/\/\u00a0<strong>RESOLUCI\u00d3N N\u00b0 7605\/14.<\/strong><\/h4>\n<h1 style=\"text-align: center;\"><u>PLAN DE ESTUDIOS<\/u><\/h1>\n<table width=\"606\">\n<tbody>\n<tr>\n<td width=\"274\">&nbsp;<\/p>\n<p>Unidades Curriculares<\/td>\n<td width=\"76\">&nbsp;<\/p>\n<p>DURACI\u00d3N<\/td>\n<td width=\"72\">Horas catedra<\/p>\n<p>Semanales<\/td>\n<td width=\"184\">&nbsp;<\/p>\n<p>CAMPOS<\/td>\n<\/tr>\n<tr>\n<td width=\"274\">&nbsp;<\/td>\n<td width=\"76\">&nbsp;<\/td>\n<td width=\"72\">&nbsp;<\/td>\n<td width=\"184\">&nbsp;<\/td>\n<\/tr>\n<tr>\n<td width=\"274\"><strong>PRIMER A\u00d1O<\/strong><\/td>\n<td width=\"76\">&nbsp;<\/td>\n<td width=\"72\">&nbsp;<\/td>\n<td width=\"184\">&nbsp;<\/td>\n<\/tr>\n<tr>\n<td width=\"274\">Pedagog\u00eda<\/td>\n<td width=\"76\">Anual<\/td>\n<td width=\"72\">4<\/td>\n<td rowspan=\"3\" width=\"184\">&nbsp;<\/p>\n<p>DE LA FORMACI\u00d3N GENERAL<\/td>\n<\/tr>\n<tr>\n<td width=\"274\">Alfabetizaci\u00f3n Acad\u00e9mica<\/td>\n<td width=\"76\">Anual<\/td>\n<td width=\"72\">3<\/td>\n<\/tr>\n<tr>\n<td width=\"274\">Did\u00e1ctica General<\/td>\n<td width=\"76\">Anual<\/td>\n<td width=\"72\">4<\/td>\n<\/tr>\n<tr>\n<td width=\"274\">Introducci\u00f3n a la Historia<\/td>\n<td width=\"76\">Anual<\/td>\n<td width=\"72\">3<\/td>\n<td rowspan=\"5\" width=\"184\">&nbsp;<\/p>\n<p>DE LA FORMACION ESPECIFICA<\/td>\n<\/tr>\n<tr>\n<td width=\"274\">Historia Antigua<\/td>\n<td width=\"76\">Anual<\/td>\n<td width=\"72\">3<\/td>\n<\/tr>\n<tr>\n<td width=\"274\">Prehistoria y Arqueolog\u00eda del Mundo y Am\u00e9rica<\/td>\n<td width=\"76\">Anual<\/td>\n<td width=\"72\">3<\/td>\n<\/tr>\n<tr>\n<td width=\"274\">Introducci\u00f3n al Pensamiento Geogr\u00e1fico<\/td>\n<td width=\"76\">Cuat.<\/td>\n<td width=\"72\">3<\/td>\n<\/tr>\n<tr>\n<td width=\"274\">Sujeto de la Educaci\u00f3n Secundaria<\/td>\n<td width=\"76\">Anual<\/td>\n<td width=\"72\">3<\/td>\n<\/tr>\n<tr>\n<td width=\"274\">Pr\u00e1ctica Docente I<\/td>\n<td width=\"76\">Anual<\/td>\n<td width=\"72\">5<\/td>\n<td width=\"184\">&nbsp;<\/p>\n<p>DE LA FORMACION\u00a0 EN LA PRACTICA PROFESIONAL<\/td>\n<\/tr>\n<tr>\n<td width=\"274\">&nbsp;<\/td>\n<td width=\"76\">&nbsp;<\/td>\n<td width=\"72\">&nbsp;<\/td>\n<td width=\"184\">&nbsp;<\/td>\n<\/tr>\n<tr>\n<td width=\"274\"><strong>SEGUNDO A\u00d1O<\/strong><\/td>\n<td width=\"76\">&nbsp;<\/td>\n<td width=\"72\">&nbsp;<\/td>\n<td width=\"184\">&nbsp;<\/td>\n<\/tr>\n<tr>\n<td width=\"274\">Psicolog\u00eda Educacional<\/td>\n<td width=\"76\">Anual<\/td>\n<td width=\"72\">3<\/td>\n<td rowspan=\"4\" width=\"184\">&nbsp;<\/p>\n<p>&nbsp;<\/p>\n<p>DE LA FORMACI\u00d3N GENERAL<\/p>\n<p>&nbsp;<\/p>\n<p>&nbsp;<\/td>\n<\/tr>\n<tr>\n<td width=\"274\">Filosof\u00eda<\/td>\n<td width=\"76\">Anual<\/td>\n<td width=\"72\">3<\/td>\n<\/tr>\n<tr>\n<td width=\"274\">Tecnolog\u00eda de la Informaci\u00f3n y de la Comunicaci\u00f3n en Educaci\u00f3n<\/td>\n<td width=\"76\">1er. Cuatr<\/td>\n<td width=\"72\">3<\/td>\n<\/tr>\n<tr>\n<td width=\"274\">Cultura y Lenguas Originarias<\/td>\n<td width=\"76\">2do. Cuatr<\/td>\n<td width=\"72\">3<\/td>\n<\/tr>\n<tr>\n<td width=\"274\">Historia del Mundo I; Siglo V al VIII<\/td>\n<td width=\"76\">Anual<\/td>\n<td width=\"72\">4<\/td>\n<td rowspan=\"4\" width=\"184\">&nbsp;<\/p>\n<p>&nbsp;<\/p>\n<p>DE LA FORMACION ESPECIFICA<\/td>\n<\/tr>\n<tr>\n<td width=\"274\">Historia de Am\u00e9rica y Argentina colonial<\/td>\n<td width=\"76\">Anual<\/td>\n<td width=\"72\">4<\/td>\n<\/tr>\n<tr>\n<td width=\"274\">Historia Del Pensamiento Pol\u00edtico<\/td>\n<td width=\"76\">Anual<\/td>\n<td width=\"72\">3<\/td>\n<\/tr>\n<tr>\n<td width=\"274\">Historia del Chaco<\/td>\n<td width=\"76\">Anual<\/td>\n<td width=\"72\">3<\/td>\n<\/tr>\n<tr>\n<td width=\"274\">Historia del pensamiento Econ\u00f3mico<\/td>\n<td width=\"76\">&nbsp;<\/td>\n<td width=\"72\">3<\/td>\n<td width=\"184\">&nbsp;<\/td>\n<\/tr>\n<tr>\n<td width=\"274\">Pr\u00e1ctica Docente II<\/td>\n<td width=\"76\">Anual<\/td>\n<td width=\"72\">6<\/td>\n<td width=\"184\">&nbsp;<\/p>\n<p>DE LA FORMACION\u00a0 EN LA PRACTICA PROFESIONAL<\/td>\n<\/tr>\n<tr>\n<td width=\"274\">&nbsp;<\/td>\n<td width=\"76\">&nbsp;<\/td>\n<td width=\"72\">&nbsp;<\/td>\n<td width=\"184\">&nbsp;<\/td>\n<\/tr>\n<tr>\n<td width=\"274\"><strong>TERCER A\u00d1O<\/strong><\/td>\n<td width=\"76\">&nbsp;<\/td>\n<td width=\"72\">&nbsp;<\/td>\n<td width=\"184\">&nbsp;<\/td>\n<\/tr>\n<tr>\n<td width=\"274\">Sociolog\u00eda de la Educaci\u00f3n<\/td>\n<td width=\"76\">Anual<\/td>\n<td width=\"72\">3<\/td>\n<td rowspan=\"2\" width=\"184\">&nbsp;<\/p>\n<p>DE LA FORMACI\u00d3N GENERAL<\/td>\n<\/tr>\n<tr>\n<td width=\"274\">Historia y Pol\u00edtica de la Educaci\u00f3n Latinoamericana, Argentina y Chaque\u00f1a<\/td>\n<td width=\"76\">&nbsp;<\/p>\n<p>Anual<\/td>\n<td width=\"72\">&nbsp;<\/p>\n<p>4<\/td>\n<\/tr>\n<tr>\n<td width=\"274\">Did\u00e1ctica de la Historia<\/td>\n<td width=\"76\">Anual<\/td>\n<td width=\"72\">&nbsp;<\/p>\n<p>4<\/td>\n<td rowspan=\"5\" width=\"184\">&nbsp;<\/p>\n<p>&nbsp;<\/p>\n<p>DE LA FORMACION ESPECIFICA<\/td>\n<\/tr>\n<tr>\n<td width=\"274\">Historia del Mundo II. Siglo XIX<\/td>\n<td width=\"76\">Anual<\/td>\n<td width=\"72\">4<\/td>\n<\/tr>\n<tr>\n<td width=\"274\">Historia de\u00a0 Argentina independiente<\/td>\n<td width=\"76\">Anual<\/td>\n<td width=\"72\">4<\/td>\n<\/tr>\n<tr>\n<td width=\"274\">Historia de Am\u00e9rica\u00a0 independiente<\/td>\n<td width=\"76\">Anual<\/td>\n<td width=\"72\">4<\/td>\n<\/tr>\n<tr>\n<td width=\"274\">Filosof\u00eda de la historia<\/td>\n<td width=\"76\">2 do Cuat.<\/td>\n<td width=\"72\">3<\/td>\n<\/tr>\n<tr>\n<td width=\"274\">La ense\u00f1anza de la Historia con TIC.<\/td>\n<td width=\"76\">1 er Cuat.<\/td>\n<td width=\"72\">3<\/td>\n<td width=\"184\">&nbsp;<\/td>\n<\/tr>\n<tr>\n<td width=\"274\">Pr\u00e1ctica Docente III<\/td>\n<td width=\"76\">Anual<\/td>\n<td width=\"72\">7<\/td>\n<td width=\"184\">&nbsp;<\/p>\n<p>DE LA FORMACION\u00a0 EN LA PRACTICA PROFESIONAL<\/td>\n<\/tr>\n<tr>\n<td width=\"274\">&nbsp;<\/td>\n<td width=\"76\">&nbsp;<\/td>\n<td width=\"72\">&nbsp;<\/td>\n<td width=\"184\">&nbsp;<\/td>\n<\/tr>\n<tr>\n<td width=\"274\"><strong>CUARTO A\u00d1O<\/strong><\/td>\n<td width=\"76\">&nbsp;<\/td>\n<td width=\"72\">&nbsp;<\/td>\n<td width=\"184\">&nbsp;<\/td>\n<\/tr>\n<tr>\n<td width=\"274\">Formaci\u00f3n en Derechos Humanos, \u00c9tica y Ciudadan\u00eda<\/td>\n<td width=\"76\">Anual<\/td>\n<td width=\"72\">4<\/td>\n<td width=\"184\">&nbsp;<\/p>\n<p>DE LA FORMACI\u00d3N GENERAL<\/td>\n<\/tr>\n<tr>\n<td width=\"274\">Historia del Mundo III\u2026Siglo XX y XXI<\/td>\n<td width=\"76\">Anual<\/td>\n<td width=\"72\">4<\/td>\n<td rowspan=\"3\" width=\"184\">&nbsp;<\/p>\n<p>DE LA FORMACION ESPECIFICA<\/td>\n<\/tr>\n<tr>\n<td width=\"274\">Historia de\u00a0 Argentina\u00a0 del siglo XX. y XXI<\/td>\n<td width=\"76\">Anual<\/td>\n<td width=\"72\">4<\/td>\n<\/tr>\n<tr>\n<td width=\"274\">Historia de Am\u00e9rica\u00a0 del siglo XX y XXI<\/td>\n<td width=\"76\">Anual<\/td>\n<td width=\"72\">4<\/td>\n<\/tr>\n<tr>\n<td width=\"274\">Metodolog\u00eda de la Investigaci\u00f3n Hist\u00f3rica.<\/td>\n<td width=\"76\">Anual<\/td>\n<td width=\"72\">\u00a0\u00a0\u00a0\u00a0\u00a0\u00a0\u00a0 3<\/td>\n<td width=\"184\">&nbsp;<\/td>\n<\/tr>\n<tr>\n<td width=\"274\">Historia de la Historiograf\u00eda<\/td>\n<td width=\"76\">Anual<\/td>\n<td width=\"72\">3<\/td>\n<td width=\"184\">&nbsp;<\/td>\n<\/tr>\n<tr>\n<td width=\"274\">Residencia Pedag\u00f3gica<\/td>\n<td width=\"76\">Anual<\/td>\n<td width=\"72\">8<\/td>\n<td width=\"184\">&nbsp;<\/p>\n<p>DE LA FORMACION\u00a0 EN LA PRACTICA PROFESIONAL<\/td>\n<\/tr>\n<\/tbody>\n<\/table>\n","protected":false},"excerpt":{"rendered":"<p>TITULO A OTORGAR: Profesor\/a de Educaci\u00f3n Secundaria en Historia DURACI\u00d3N\u00a0DE LA CARRERA EN A\u00d1OS\u00a0ACAD\u00c9MICOS: 4 a\u00f1os \/\/\/\u00a0RESOLUCI\u00d3N N\u00b0 7605\/14. PLAN DE ESTUDIOS &nbsp; Unidades Curriculares &nbsp; DURACI\u00d3N Horas catedra Semanales &nbsp; CAMPOS &nbsp; &nbsp; &nbsp; &nbsp; PRIMER A\u00d1O &nbsp; &nbsp; &nbsp; Pedagog\u00eda Anual 4 &nbsp; DE LA FORMACI\u00d3N GENERAL Alfabetizaci\u00f3n Acad\u00e9mica Anual 3 Did\u00e1ctica General &#8230; <a title=\"Plan de estudio\" class=\"read-more\" href=\"https:\/\/insvillaangela-cha.infd.edu.ar\/sitio\/plan-de-estudio-historia\/\" aria-label=\"More on Plan de estudio\">[+]<\/a><\/p>\n","protected":false},"author":2428,"featured_media":0,"parent":0,"menu_order":0,"comment_status":"closed","ping_status":"closed","template":"","meta":[],"acf":[],"_links":{"self":[{"href":"https:\/\/insvillaangela-cha.infd.edu.ar\/sitio\/wp-json\/wp\/v2\/pages\/1333"}],"collection":[{"href":"https:\/\/insvillaangela-cha.infd.edu.ar\/sitio\/wp-json\/wp\/v2\/pages"}],"about":[{"href":"https:\/\/insvillaangela-cha.infd.edu.ar\/sitio\/wp-json\/wp\/v2\/types\/page"}],"author":[{"embeddable":true,"href":"https:\/\/insvillaangela-cha.infd.edu.ar\/sitio\/wp-json\/wp\/v2\/users\/2428"}],"replies":[{"embeddable":true,"href":"https:\/\/insvillaangela-cha.infd.edu.ar\/sitio\/wp-json\/wp\/v2\/comments?post=1333"}],"version-history":[{"count":1,"href":"https:\/\/insvillaangela-cha.infd.edu.ar\/sitio\/wp-json\/wp\/v2\/pages\/1333\/revisions"}],"predecessor-version":[{"id":1336,"href":"https:\/\/insvillaangela-cha.infd.edu.ar\/sitio\/wp-json\/wp\/v2\/pages\/1333\/revisions\/1336"}],"wp:attachment":[{"href":"https:\/\/insvillaangela-cha.infd.edu.ar\/sitio\/wp-json\/wp\/v2\/media?parent=1333"}],"curies":[{"name":"wp","href":"https:\/\/api.w.org\/{rel}","templated":true}]}}