{"id":1471,"date":"2020-12-23T16:24:24","date_gmt":"2020-12-23T19:24:24","guid":{"rendered":"https:\/\/insvillaangela-cha.infd.edu.ar\/sitio\/?page_id=1471"},"modified":"2022-03-08T14:25:02","modified_gmt":"2022-03-08T17:25:02","slug":"inscripcion-2022","status":"publish","type":"page","link":"https:\/\/insvillaangela-cha.infd.edu.ar\/sitio\/inscripcion-2022\/","title":{"rendered":"Inscripci\u00f3n 2022"},"content":{"rendered":"\n<p class=\"has-text-align-left\">El Instituto de Educaci\u00f3n Superior Villa \u00c1ngela comunica que est\u00e1 abierta la <a href=\"https:\/\/docs.google.com\/forms\/d\/e\/1FAIpQLScaFZNoNml-K3CzBCquRD6cgl5-FIleUID8D_BOI0Xz9FUc-A\/viewform?fbclid=IwAR2xsT2rl23c79VLp3nNA2VnaMCbYgOQT7QD5ZMqOksaeYFwrz-nbBLjNmU\">INSCRIPCI\u00d3N ON LINE<\/a> para INGRESANTES a 1\u00ba a\u00f1o desde la fecha hasta 22 Marzo del 2022 a las carreras de Formaci\u00f3n Docente y Formaci\u00f3n T\u00e9cnica que ofrece:<br><\/p>\n\n\n\n<p class=\"has-text-align-left\">PROFESORADOS:<br>\uf040 Profesorado para la Educaci\u00f3n Inicial (4 a\u00f1os)<br>\uf040 Profesorado para la Educaci\u00f3n Primaria (4 a\u00f1os)<br>\uf040 Profesorado para la Educaci\u00f3n Primaria UES Coronel Du Graty (4 a\u00f1os)<br>\uf040 Profesorado para la Educaci\u00f3n Especial Orientaci\u00f3n en Discapacidad Intelectual (4 a\u00f1os)<br>\uf040 Profesorado para la Educaci\u00f3n Secundaria en Biolog\u00eda (4 a\u00f1os)<br>\uf040 Profesorado para la Educaci\u00f3n Secundaria en Qu\u00edmica (4 a\u00f1os)<br>\uf040 Profesorado para la Educaci\u00f3n Secundaria en Historia (4 a\u00f1os)<br>\uf040 Profesorado para la Educaci\u00f3n Secundaria en Lengua y Literatura (4 a\u00f1os)<br>\uf040 Profesorado para la Educaci\u00f3n Secundaria en Matem\u00e1tica (4 a\u00f1os)<br>\uf040 Profesorado de Educaci\u00f3n Superior en Ciencias de la Educaci\u00f3n (5 a\u00f1os)<br><\/p>\n\n\n\n<p class=\"has-text-align-left\">TECNICATURAS<\/p>\n\n\n\n<p class=\"has-text-align-left\">\uf040 Tecnicatura Superior en Gesti\u00f3n de la Producci\u00f3n Agropecuaria (3 a\u00f1os)<\/p>\n\n\n\n<p class=\"has-text-align-left\">\uf040 Tecnicatura Superior Tecnolog\u00eda de los Alimentos (3 a\u00f1os)<\/p>\n\n\n\n<p class=\"has-text-align-left\">\uf040 Tecnicatura Superior en Producci\u00f3n Forestal (3 a\u00f1os)<\/p>\n\n\n\n<p>NUEVAS OFERTAS<\/p>\n\n\n\n<p class=\"has-text-align-left\">\uf040 Tecnicatura Superior en Gesti\u00f3n Tur\u00edstica (3 a\u00f1os) <\/p>\n\n\n\n<p class=\"has-text-align-left\">\uf040 Tecnicatura Superior en Gesti\u00f3n de Energ\u00edas Renovables (3 a\u00f1os)<\/p>\n\n\n\n<p class=\"has-text-align-left\">La <a href=\"https:\/\/docs.google.com\/forms\/d\/e\/1FAIpQLScaFZNoNml-K3CzBCquRD6cgl5-FIleUID8D_BOI0Xz9FUc-A\/viewform?fbclid=IwAR2xsT2rl23c79VLp3nNA2VnaMCbYgOQT7QD5ZMqOksaeYFwrz-nbBLjNmU\">inscripci\u00f3n condicional ON LINE<\/a> para INGRESANTES se realiza a trav\u00e9s del <a href=\"https:\/\/docs.google.com\/forms\/d\/e\/1FAIpQLScaFZNoNml-K3CzBCquRD6cgl5-FIleUID8D_BOI0Xz9FUc-A\/viewform?fbclid=IwAR2xsT2rl23c79VLp3nNA2VnaMCbYgOQT7QD5ZMqOksaeYFwrz-nbBLjNmU\">link FORMULARIO DE INSCRIPCI\u00d3N<\/a>.<\/p>\n\n\n\n<p class=\"has-text-align-left\">Los pasos a seguir son los siguientes:<br>1) <a href=\"https:\/\/docs.google.com\/forms\/d\/e\/1FAIpQLScaFZNoNml-K3CzBCquRD6cgl5-FIleUID8D_BOI0Xz9FUc-A\/viewform?fbclid=IwAR2xsT2rl23c79VLp3nNA2VnaMCbYgOQT7QD5ZMqOksaeYFwrz-nbBLjNmU\">Acceder al link<\/a>.<br>2) Completar correctamente los Datos personales obligatorios (*)<br>3) El correo solicitado del IESVA es el siguiente: iesva.mesadentrada@gmail.com<br>4) Recibir\u00e1 en su correo personal la notificaci\u00f3n de inscripci\u00f3n.<br>5) Pr\u00f3ximamente el Bedel de la carrera se estar\u00e1 comunicando para darte a conocer el enlace con el que ingresar\u00e1 a aula virtual para iniciar el CURSO INTRODUCTORIO<\/p>\n\n\n\n<p class=\"has-text-align-left\">Esta <a href=\"https:\/\/docs.google.com\/forms\/d\/e\/1FAIpQLScaFZNoNml-K3CzBCquRD6cgl5-FIleUID8D_BOI0Xz9FUc-A\/viewform?fbclid=IwAR2xsT2rl23c79VLp3nNA2VnaMCbYgOQT7QD5ZMqOksaeYFwrz-nbBLjNmU\">inscripci\u00f3n ON-LINE<\/a> deber\u00e1 completarse con el legajo personal.<br>REQUISITOS A PRESENTAR EN MESA DE ENTRADA:<br>1) FICHA PERSONAL<br>2) FOTOCOPIA DEL DNI<br>3) FOTOCOPIA DE LA PARTIDA DE NACIMIENTO<br>4) FOTOCOPIA DEL TITULO DE 5\u00b0 A\u00d1O O CONSTANCIA DEL TITULO EN TRAMITE<br>5) FOLIO TAMA\u00d1O OFICIO (5)<br>6) CARPETA COLGANTE<br>7) FOTO CARNET 4 x 4 (3)<br>REQUISITOS MAYORES 25 A\u00d1OS<br>1) ITEMS ANTERIORES EXCEPTO EL 4)<br>2) CONSTANCIA DE TRABAJO<br>3) FOTOCOPIA DEL CERTIFICADO DE 7\u00b0 GRADO<br>4) NOTA (Solicitar al correo iesva.mesadentrada@gmail.com , completar y re-enviar)<br>Por cualquier consulta comunicarse al correo iesva.mesadentrada@gmail.com, personal administrativo (Bedeles) le estar\u00e1 respondiendo al respecto.<br>Rector\u00eda IESVA<\/p>\n","protected":false},"excerpt":{"rendered":"<p>El Instituto de Educaci\u00f3n Superior Villa \u00c1ngela comunica que est\u00e1 abierta la INSCRIPCI\u00d3N ON LINE para INGRESANTES a 1\u00ba a\u00f1o desde la fecha hasta 22 Marzo del 2022 a las carreras de Formaci\u00f3n Docente y Formaci\u00f3n T\u00e9cnica que ofrece: PROFESORADOS:\uf040 Profesorado para la Educaci\u00f3n Inicial (4 a\u00f1os)\uf040 Profesorado para la Educaci\u00f3n Primaria (4 a\u00f1os)\uf040 Profesorado &#8230; <a title=\"Inscripci\u00f3n 2022\" class=\"read-more\" href=\"https:\/\/insvillaangela-cha.infd.edu.ar\/sitio\/inscripcion-2022\/\" aria-label=\"More on Inscripci\u00f3n 2022\">[+]<\/a><\/p>\n","protected":false},"author":2428,"featured_media":0,"parent":0,"menu_order":0,"comment_status":"closed","ping_status":"closed","template":"","meta":[],"acf":[],"_links":{"self":[{"href":"https:\/\/insvillaangela-cha.infd.edu.ar\/sitio\/wp-json\/wp\/v2\/pages\/1471"}],"collection":[{"href":"https:\/\/insvillaangela-cha.infd.edu.ar\/sitio\/wp-json\/wp\/v2\/pages"}],"about":[{"href":"https:\/\/insvillaangela-cha.infd.edu.ar\/sitio\/wp-json\/wp\/v2\/types\/page"}],"author":[{"embeddable":true,"href":"https:\/\/insvillaangela-cha.infd.edu.ar\/sitio\/wp-json\/wp\/v2\/users\/2428"}],"replies":[{"embeddable":true,"href":"https:\/\/insvillaangela-cha.infd.edu.ar\/sitio\/wp-json\/wp\/v2\/comments?post=1471"}],"version-history":[{"count":4,"href":"https:\/\/insvillaangela-cha.infd.edu.ar\/sitio\/wp-json\/wp\/v2\/pages\/1471\/revisions"}],"predecessor-version":[{"id":1564,"href":"https:\/\/insvillaangela-cha.infd.edu.ar\/sitio\/wp-json\/wp\/v2\/pages\/1471\/revisions\/1564"}],"wp:attachment":[{"href":"https:\/\/insvillaangela-cha.infd.edu.ar\/sitio\/wp-json\/wp\/v2\/media?parent=1471"}],"curies":[{"name":"wp","href":"https:\/\/api.w.org\/{rel}","templated":true}]}}