{"id":1652,"date":"2023-12-19T21:22:29","date_gmt":"2023-12-20T00:22:29","guid":{"rendered":"https:\/\/insvillaangela-cha.infd.edu.ar\/sitio\/?page_id=1652"},"modified":"2023-12-19T21:22:30","modified_gmt":"2023-12-20T00:22:30","slug":"tecnicatura-en-energias-renovables","status":"publish","type":"page","link":"https:\/\/insvillaangela-cha.infd.edu.ar\/sitio\/tecnicatura-en-energias-renovables\/","title":{"rendered":"TECNICATURA EN ENERG\u00cdAS RENOVABLES"},"content":{"rendered":"\n<ul>\n<li>1\u00b0 A\u00d1O<\/li>\n<\/ul>\n\n\n\n<p>1\u00b0 ENERG\u00cdAS RENOVABLES I<\/p>\n\n\n\n<p>1\u00b0 F\u00cdSICA<\/p>\n\n\n\n<p>1\u00b0 GESTI\u00d3N Y ORGANIZACI\u00d3N DE INSTALACIONES DE ENERG\u00cdAS RENOVABLES<\/p>\n\n\n\n<p>1\u00b0 MATEM\u00c1TICA APLICADA<\/p>\n\n\n\n<p>1\u00b0 PR\u00c1CTICA PROFESIONALIZANTE I<\/p>\n\n\n\n<p>1\u00b0 QU\u00cdMICA APLICADA<\/p>\n\n\n\n<p>1\u00b0 REPRESENTACI\u00d3N GR\u00c1FICA<\/p>\n\n\n\n<p>1\u00b0 T\u00c9CNICAS DE COMUNICACI\u00d3N<\/p>\n\n\n\n<p>1\u00b0 TECNOLOG\u00cdAS DE LA INFORMACI\u00d3N<\/p>\n\n\n\n<ul>\n<li>2\u00b0 A\u00d1O<\/li>\n<\/ul>\n\n\n\n<p>2\u00b0 CONSTRUCCIONES BIOCLIM\u00c1TICAS<\/p>\n\n\n\n<p>2\u00b0 ELECTROTECNIA Y M\u00c1QUINAS EL\u00c9CTRICAS<\/p>\n\n\n\n<p>2\u00b0 ENERG\u00cdAS RENOVABLES II<\/p>\n\n\n\n<p>2\u00b0 GESTI\u00d3N DE LAS ENERG\u00cdAS<\/p>\n\n\n\n<p>2\u00b0 GESTI\u00d3N DE SEGURIDAD OCUPACIONAL Y MEDIOAMBIENTE<\/p>\n\n\n\n<p>2\u00b0 MEC\u00c1NICA DE LOS FLU\u00cdDOS E INSTALACIONES DE FLU\u00cdDOS<\/p>\n\n\n\n<p>2\u00b0 PR\u00c1CTICAS PROFESIONALIZANTES II<\/p>\n\n\n\n<p>2\u00b0 PROCESOS PRODUCTIVOS<\/p>\n\n\n\n<p>2\u00b0 TECNOLOG\u00cdA DE LOS MATERIALES Y MEDIOAMBIENTE<\/p>\n\n\n\n<p>2\u00b0 TERMODIN\u00c1MICA E INSTALACIONES EL\u00c9CTRICAS<\/p>\n\n\n\n<ul>\n<li>3\u00b0 A\u00d1O<\/li>\n<\/ul>\n\n\n\n<p>3\u00b0 ENERG\u00cdAS RENOVABLES III<\/p>\n\n\n\n<p>3\u00b0 AUTOMATIZACI\u00d3N<\/p>\n\n\n\n<p>3\u00b0 INSTALACIONES EL\u00c9CTRICAS Y COMPLEMENTARIAS<\/p>\n\n\n\n<p>3\u00b0 INNOVACI\u00d3N Y DESARROLLO EMPRENDEDOR<\/p>\n\n\n\n<p>3\u00b0 \u00c9TICA Y RESPONSABILIDAD SOCIAL<\/p>\n\n\n\n<p>3\u00b0 INGL\u00c9S T\u00c9CNICO<\/p>\n\n\n\n<p>3\u00b0 PROBLEM\u00c1TICAS SOCIO CONTEMPOR\u00c1NEAS Y CTS<\/p>\n\n\n\n<p>3\u00b0 GESTI\u00d3N DE PROYECTOS 3\u00b0 IMPACTO Y LEGISLACI\u00d3N AMBIENTAL<\/p>\n","protected":false},"excerpt":{"rendered":"<p>1\u00b0 ENERG\u00cdAS RENOVABLES I 1\u00b0 F\u00cdSICA 1\u00b0 GESTI\u00d3N Y ORGANIZACI\u00d3N DE INSTALACIONES DE ENERG\u00cdAS RENOVABLES 1\u00b0 MATEM\u00c1TICA APLICADA 1\u00b0 PR\u00c1CTICA PROFESIONALIZANTE I 1\u00b0 QU\u00cdMICA APLICADA 1\u00b0 REPRESENTACI\u00d3N GR\u00c1FICA 1\u00b0 T\u00c9CNICAS DE COMUNICACI\u00d3N 1\u00b0 TECNOLOG\u00cdAS DE LA INFORMACI\u00d3N 2\u00b0 CONSTRUCCIONES BIOCLIM\u00c1TICAS 2\u00b0 ELECTROTECNIA Y M\u00c1QUINAS EL\u00c9CTRICAS 2\u00b0 ENERG\u00cdAS RENOVABLES II 2\u00b0 GESTI\u00d3N DE LAS ENERG\u00cdAS 2\u00b0 &#8230; <a title=\"TECNICATURA EN ENERG\u00cdAS RENOVABLES\" class=\"read-more\" href=\"https:\/\/insvillaangela-cha.infd.edu.ar\/sitio\/tecnicatura-en-energias-renovables\/\" aria-label=\"More on TECNICATURA EN ENERG\u00cdAS RENOVABLES\">[+]<\/a><\/p>\n","protected":false},"author":2428,"featured_media":0,"parent":0,"menu_order":0,"comment_status":"closed","ping_status":"closed","template":"","meta":[],"acf":[],"_links":{"self":[{"href":"https:\/\/insvillaangela-cha.infd.edu.ar\/sitio\/wp-json\/wp\/v2\/pages\/1652"}],"collection":[{"href":"https:\/\/insvillaangela-cha.infd.edu.ar\/sitio\/wp-json\/wp\/v2\/pages"}],"about":[{"href":"https:\/\/insvillaangela-cha.infd.edu.ar\/sitio\/wp-json\/wp\/v2\/types\/page"}],"author":[{"embeddable":true,"href":"https:\/\/insvillaangela-cha.infd.edu.ar\/sitio\/wp-json\/wp\/v2\/users\/2428"}],"replies":[{"embeddable":true,"href":"https:\/\/insvillaangela-cha.infd.edu.ar\/sitio\/wp-json\/wp\/v2\/comments?post=1652"}],"version-history":[{"count":1,"href":"https:\/\/insvillaangela-cha.infd.edu.ar\/sitio\/wp-json\/wp\/v2\/pages\/1652\/revisions"}],"predecessor-version":[{"id":1655,"href":"https:\/\/insvillaangela-cha.infd.edu.ar\/sitio\/wp-json\/wp\/v2\/pages\/1652\/revisions\/1655"}],"wp:attachment":[{"href":"https:\/\/insvillaangela-cha.infd.edu.ar\/sitio\/wp-json\/wp\/v2\/media?parent=1652"}],"curies":[{"name":"wp","href":"https:\/\/api.w.org\/{rel}","templated":true}]}}