{"id":896,"date":"2018-08-30T16:37:59","date_gmt":"2018-08-30T19:37:59","guid":{"rendered":"https:\/\/insvillaangela-cha.infd.edu.ar\/sitio\/profesorado-para-educacion-secundaria-en-quimica\/"},"modified":"2020-06-18T17:44:12","modified_gmt":"2020-06-18T20:44:12","slug":"profes-quimica","status":"publish","type":"page","link":"https:\/\/insvillaangela-cha.infd.edu.ar\/sitio\/profes-quimica\/","title":{"rendered":"Profesorado para Educaci\u00f3n Secundaria  en Qu\u00edmica"},"content":{"rendered":"<h6><\/h6>\n<h1 style=\"text-align: center;\">PROFESORADO PARA LA EDUCACI\u00d3N SECUNDARIA EN QU\u00cdMICA<\/h1>\n<h6 style=\"text-align: center;\">TITULO A OTORGAR: Profesor\/a de Educaci\u00f3n Secundaria en Qu\u00edmica<\/h6>\n<p style=\"text-align: center;\"><strong>DURACION DE LA CARRERA EN A\u00d1OS ACADEMICOS<\/strong>: 4 a\u00f1os<\/p>\n<p style=\"text-align: center;\"><strong>ANEXO I a la RESOLUCI\u00d3N N\u00b0\u20267610\/14.<\/strong><\/p>\n<p style=\"text-align: center;\"><u>PLAN DE ESTUDIOS<\/u><\/p>\n<table width=\"666\">\n<tbody>\n<tr>\n<td width=\"269\">&nbsp;<\/p>\n<p>UNIDADES CURRICULARES<\/td>\n<td width=\"76\">&nbsp;<\/p>\n<p>DURACI\u00d3N<\/td>\n<td width=\"95\">HORAS CATEDRA SEMANALES<\/td>\n<td width=\"227\">&nbsp;<\/p>\n<p>CAMPO<\/td>\n<\/tr>\n<tr>\n<td width=\"269\"><strong>PRIMER A\u00d1O<\/strong><\/td>\n<td width=\"76\">&nbsp;<\/td>\n<td width=\"95\">&nbsp;<\/td>\n<td width=\"227\">&nbsp;<\/td>\n<\/tr>\n<tr>\n<td width=\"269\">Pedagog\u00eda<\/td>\n<td width=\"76\">Anual<\/td>\n<td width=\"95\">4<\/td>\n<td rowspan=\"3\" width=\"227\">&nbsp;<\/p>\n<p>DE LA FORMACI\u00d3N GENERAL<\/td>\n<\/tr>\n<tr>\n<td width=\"269\">Alfabetizaci\u00f3n Acad\u00e9mica<\/td>\n<td width=\"76\">Anual<\/td>\n<td width=\"95\">3<\/td>\n<\/tr>\n<tr>\n<td width=\"269\">Did\u00e1ctica General<\/td>\n<td width=\"76\">Anual<\/td>\n<td width=\"95\">4<\/td>\n<\/tr>\n<tr>\n<td width=\"269\">Fundamentos de Qu\u00edmica<\/td>\n<td width=\"76\">Anual<\/td>\n<td width=\"95\">5<\/td>\n<td rowspan=\"4\" width=\"227\">&nbsp;<\/p>\n<p>DE LA FORMACION ESPECIFICA<\/td>\n<\/tr>\n<tr>\n<td width=\"269\">F\u00edsica I<\/td>\n<td width=\"76\">Anual<\/td>\n<td width=\"95\">4<\/td>\n<\/tr>\n<tr>\n<td width=\"269\">Matem\u00e1tica y Estad\u00edstica<\/td>\n<td width=\"76\">Anual<\/td>\n<td width=\"95\">4<\/td>\n<\/tr>\n<tr>\n<td width=\"269\">Sujeto de la Educaci\u00f3n Secundaria<\/td>\n<td width=\"76\">Anual<\/td>\n<td width=\"95\">4<\/td>\n<\/tr>\n<tr>\n<td width=\"269\">Pr\u00e1ctica Docente I<\/td>\n<td width=\"76\">Anual<\/td>\n<td width=\"95\">5<\/td>\n<td width=\"227\">&nbsp;<\/p>\n<p>DE LA FORMACION\u00a0 EN LA PRACTICA PROFESIONAL<\/td>\n<\/tr>\n<tr>\n<td width=\"269\"><strong>\u00a0<\/strong><\/td>\n<td width=\"76\">&nbsp;<\/td>\n<td width=\"95\">&nbsp;<\/td>\n<td width=\"227\">&nbsp;<\/td>\n<\/tr>\n<tr>\n<td width=\"269\"><strong>SEGUNDO A\u00d1O<\/strong><\/td>\n<td width=\"76\">&nbsp;<\/td>\n<td width=\"95\">&nbsp;<\/td>\n<td width=\"227\">&nbsp;<\/td>\n<\/tr>\n<tr>\n<td width=\"269\">Psicolog\u00eda Educacional<\/td>\n<td width=\"76\">Anual<\/td>\n<td width=\"95\">3<\/td>\n<td rowspan=\"4\" width=\"227\">&nbsp;<\/p>\n<p>DE LA FORMACI\u00d3N GENERAL<\/td>\n<\/tr>\n<tr>\n<td width=\"269\">Filosof\u00eda<\/td>\n<td width=\"76\">Anual<\/td>\n<td width=\"95\">3<\/td>\n<\/tr>\n<tr>\n<td width=\"269\">Tecnolog\u00eda de la Informaci\u00f3n y de la Comunicaci\u00f3n en Educaci\u00f3n<\/td>\n<td width=\"76\">1er.Cuatr<\/td>\n<td width=\"95\">3<\/td>\n<\/tr>\n<tr>\n<td width=\"269\">Cultura y Lengua Originarias<\/td>\n<td width=\"76\">2do.Cuatr<\/td>\n<td width=\"95\">3<\/td>\n<\/tr>\n<tr>\n<td width=\"269\">Did\u00e1ctica de la Qu\u00edmica I<\/td>\n<td width=\"76\">Anual<\/td>\n<td width=\"95\">3<\/td>\n<td rowspan=\"5\" width=\"227\">&nbsp;<\/p>\n<p>DE LA FORMACION ESPECIFICA<\/td>\n<\/tr>\n<tr>\n<td width=\"269\">Investigaci\u00f3n de Mundo Qu\u00edmico<\/td>\n<td width=\"76\">Anual<\/td>\n<td width=\"95\">3<\/td>\n<\/tr>\n<tr>\n<td width=\"269\">F\u00edsica II<\/td>\n<td width=\"76\">Anual<\/td>\n<td width=\"95\">3<\/td>\n<\/tr>\n<tr>\n<td width=\"269\">Qu\u00edmica de los Compuestos del Carbono I<\/td>\n<td width=\"76\">Anual<\/td>\n<td width=\"95\">4<\/td>\n<\/tr>\n<tr>\n<td width=\"269\">Qu\u00edmica Inorg\u00e1nica<\/td>\n<td width=\"76\">Anual<\/td>\n<td width=\"95\">5<\/td>\n<\/tr>\n<tr>\n<td width=\"269\">Pr\u00e1ctica Docente II<\/td>\n<td width=\"76\">Anual<\/td>\n<td width=\"95\">6<\/td>\n<td width=\"227\">&nbsp;<\/p>\n<p>DE LA FORMACION\u00a0 EN LA PRACTICA PROFESIONAL<\/td>\n<\/tr>\n<tr>\n<td width=\"269\"><strong>\u00a0<\/strong><\/td>\n<td width=\"76\">&nbsp;<\/td>\n<td width=\"95\">&nbsp;<\/td>\n<td width=\"227\">&nbsp;<\/td>\n<\/tr>\n<tr>\n<td width=\"269\"><strong>TERCER A\u00d1O<\/strong><\/td>\n<td width=\"76\">&nbsp;<\/td>\n<td width=\"95\">&nbsp;<\/td>\n<td width=\"227\">&nbsp;<\/td>\n<\/tr>\n<tr>\n<td width=\"269\">Historia y Pol\u00edtica de la Educaci\u00f3n\u00a0 Latinoamericana, Argentina y Chaque\u00f1a<\/td>\n<td width=\"76\">Anual<\/td>\n<td width=\"95\">4<\/td>\n<td rowspan=\"2\" width=\"227\">&nbsp;<\/p>\n<p>DE LA FORMACI\u00d3N GENERAL<\/td>\n<\/tr>\n<tr>\n<td width=\"269\">Sociolog\u00eda Educacional<\/td>\n<td width=\"76\">Anual<\/td>\n<td width=\"95\">3<\/td>\n<\/tr>\n<tr>\n<td width=\"269\">Qu\u00edmica de los Compuestos del Carbono II<\/td>\n<td width=\"76\">Anual<\/td>\n<td width=\"95\">4<\/td>\n<td rowspan=\"6\" width=\"227\">&nbsp;<\/p>\n<p>&nbsp;<\/p>\n<p>DE LA FORMACION ESPECIFICA<\/td>\n<\/tr>\n<tr>\n<td width=\"269\">Reacciones Qu\u00edmicas y su Equilibrio<\/td>\n<td width=\"76\">Anual<\/td>\n<td width=\"95\">4<\/td>\n<\/tr>\n<tr>\n<td width=\"269\">Biolog\u00eda<\/td>\n<td width=\"76\">Anual<\/td>\n<td width=\"95\">4<\/td>\n<\/tr>\n<tr>\n<td width=\"269\">Laboratorio de Qu\u00edmica<\/td>\n<td width=\"76\">Anual<\/td>\n<td width=\"95\">4<\/td>\n<\/tr>\n<tr>\n<td width=\"269\">Did\u00e1ctica de la Qu\u00edmica II<\/td>\n<td width=\"76\">1er. Cuatr<\/td>\n<td width=\"95\">3<\/td>\n<\/tr>\n<tr>\n<td width=\"269\">La Ense\u00f1anza de la Qu\u00edmica con TIC<\/td>\n<td width=\"76\">2do. Cuatr<\/td>\n<td width=\"95\">3<\/td>\n<\/tr>\n<tr>\n<td width=\"269\">Pr\u00e1ctica Docente III<\/td>\n<td width=\"76\">Anual<\/td>\n<td width=\"95\">7<\/td>\n<td width=\"227\">&nbsp;<\/p>\n<p>DE LA FORMACION\u00a0 EN LA PRACTICA PROFESIONAL<\/td>\n<\/tr>\n<tr>\n<td width=\"269\">&nbsp;<\/td>\n<td width=\"76\">&nbsp;<\/td>\n<td width=\"95\">&nbsp;<\/td>\n<td width=\"227\">&nbsp;<\/td>\n<\/tr>\n<tr>\n<td width=\"269\"><strong>CUARTO A\u00d1O<\/strong><\/td>\n<td width=\"76\">&nbsp;<\/td>\n<td width=\"95\">&nbsp;<\/td>\n<td width=\"227\">&nbsp;<\/td>\n<\/tr>\n<tr>\n<td width=\"269\">Formaci\u00f3n en Derechos Humanos, \u00c9tica y Ciudadan\u00eda<\/td>\n<td width=\"76\">Anual<\/td>\n<td width=\"95\">4<\/td>\n<td width=\"227\">&nbsp;<\/p>\n<p>DE LA FORMACI\u00d3N GENERAL<\/td>\n<\/tr>\n<tr>\n<td width=\"269\">El An\u00e1lisis y la S\u00edntesis Qu\u00edmica<\/td>\n<td width=\"76\">Anual<\/td>\n<td width=\"95\">4<\/td>\n<td rowspan=\"5\" width=\"227\">&nbsp;<\/p>\n<p>DE LA FORMACION ESPECIFICA<\/td>\n<\/tr>\n<tr>\n<td width=\"269\">Qu\u00edmica Biol\u00f3gica<\/td>\n<td width=\"76\">Anual<\/td>\n<td width=\"95\">4<\/td>\n<\/tr>\n<tr>\n<td width=\"269\">Qu\u00edmica Ambiental<\/td>\n<td width=\"76\">Anual<\/td>\n<td width=\"95\">4<\/td>\n<\/tr>\n<tr>\n<td width=\"269\">Did\u00e1ctica de la Qu\u00edmica III<\/td>\n<td width=\"76\">1er Cuatr<\/td>\n<td width=\"95\">3<\/td>\n<\/tr>\n<tr>\n<td width=\"269\">Geoqu\u00edmica<\/td>\n<td width=\"76\">2do.Cuatr<\/td>\n<td width=\"95\">3<\/td>\n<\/tr>\n<tr>\n<td width=\"269\">Residencia Pedag\u00f3gica<\/td>\n<td width=\"76\">Anual<\/td>\n<td width=\"95\">8<\/td>\n<td width=\"227\">DE LA FORMACION\u00a0 EN LA PRACTICA PROFESIONAL<\/td>\n<\/tr>\n<\/tbody>\n<\/table>\n<p>&nbsp;<\/p>\n","protected":false},"excerpt":{"rendered":"<p>PROFESORADO PARA LA EDUCACI\u00d3N SECUNDARIA EN QU\u00cdMICA TITULO A OTORGAR: Profesor\/a de Educaci\u00f3n Secundaria en Qu\u00edmica DURACION DE LA CARRERA EN A\u00d1OS ACADEMICOS: 4 a\u00f1os ANEXO I a la RESOLUCI\u00d3N N\u00b0\u20267610\/14. PLAN DE ESTUDIOS &nbsp; UNIDADES CURRICULARES &nbsp; DURACI\u00d3N HORAS CATEDRA SEMANALES &nbsp; CAMPO PRIMER A\u00d1O &nbsp; &nbsp; &nbsp; Pedagog\u00eda Anual 4 &nbsp; DE LA &#8230; <a title=\"Profesorado para Educaci\u00f3n Secundaria  en Qu\u00edmica\" class=\"read-more\" href=\"https:\/\/insvillaangela-cha.infd.edu.ar\/sitio\/profes-quimica\/\" aria-label=\"More on Profesorado para Educaci\u00f3n Secundaria  en Qu\u00edmica\">[+]<\/a><\/p>\n","protected":false},"author":2145,"featured_media":0,"parent":0,"menu_order":0,"comment_status":"closed","ping_status":"closed","template":"","meta":[],"acf":[],"_links":{"self":[{"href":"https:\/\/insvillaangela-cha.infd.edu.ar\/sitio\/wp-json\/wp\/v2\/pages\/896"}],"collection":[{"href":"https:\/\/insvillaangela-cha.infd.edu.ar\/sitio\/wp-json\/wp\/v2\/pages"}],"about":[{"href":"https:\/\/insvillaangela-cha.infd.edu.ar\/sitio\/wp-json\/wp\/v2\/types\/page"}],"author":[{"embeddable":true,"href":"https:\/\/insvillaangela-cha.infd.edu.ar\/sitio\/wp-json\/wp\/v2\/users\/2145"}],"replies":[{"embeddable":true,"href":"https:\/\/insvillaangela-cha.infd.edu.ar\/sitio\/wp-json\/wp\/v2\/comments?post=896"}],"version-history":[{"count":2,"href":"https:\/\/insvillaangela-cha.infd.edu.ar\/sitio\/wp-json\/wp\/v2\/pages\/896\/revisions"}],"predecessor-version":[{"id":1215,"href":"https:\/\/insvillaangela-cha.infd.edu.ar\/sitio\/wp-json\/wp\/v2\/pages\/896\/revisions\/1215"}],"wp:attachment":[{"href":"https:\/\/insvillaangela-cha.infd.edu.ar\/sitio\/wp-json\/wp\/v2\/media?parent=896"}],"curies":[{"name":"wp","href":"https:\/\/api.w.org\/{rel}","templated":true}]}}