{"id":898,"date":"2018-08-30T16:38:00","date_gmt":"2018-08-30T19:38:00","guid":{"rendered":"https:\/\/insvillaangela-cha.infd.edu.ar\/sitio\/profesorado-para-educacion-secundaria-en-matematica\/"},"modified":"2020-06-18T23:15:50","modified_gmt":"2020-06-19T02:15:50","slug":"prof-matematica","status":"publish","type":"page","link":"https:\/\/insvillaangela-cha.infd.edu.ar\/sitio\/prof-matematica\/","title":{"rendered":"Profesorado para  Educaci\u00f3n Secundaria en Matem\u00e1tica"},"content":{"rendered":"<p style=\"text-align: center;\"><strong>PLAN DE ESTUDIOS<\/strong><\/p>\n<p style=\"text-align: center;\"><strong>RES. N\u00b0 7212\/14\u00a0 MECCYT<\/strong><\/p>\n<table style=\"height: 2302px;\" width=\"1100\">\n<tbody>\n<tr>\n<td width=\"494\">\n<p style=\"text-align: center;\"><strong><img decoding=\"async\" loading=\"lazy\" class=\"wp-image-1281 aligncenter\" src=\"https:\/\/insvillaangela-cha.infd.edu.ar\/sitio\/wp-content\/uploads\/2020\/06\/WhatsApp-Image-2020-06-18-at-23.08.23-960x1000.jpeg\" alt=\"\" width=\"149\" height=\"155\" srcset=\"https:\/\/insvillaangela-cha.infd.edu.ar\/sitio\/wp-content\/uploads\/2020\/06\/WhatsApp-Image-2020-06-18-at-23.08.23-960x1000.jpeg 960w, https:\/\/insvillaangela-cha.infd.edu.ar\/sitio\/wp-content\/uploads\/2020\/06\/WhatsApp-Image-2020-06-18-at-23.08.23-768x800.jpeg 768w, https:\/\/insvillaangela-cha.infd.edu.ar\/sitio\/wp-content\/uploads\/2020\/06\/WhatsApp-Image-2020-06-18-at-23.08.23.jpeg 1229w\" sizes=\"(max-width: 149px) 100vw, 149px\" \/><\/strong><\/p>\n<\/td>\n<td style=\"text-align: center;\" width=\"85\"><strong>A\u00d1O<\/strong><\/td>\n<td style=\"text-align: center;\" width=\"201\"><strong>CAMPO<\/strong><\/td>\n<td style=\"text-align: center;\" width=\"147\"><strong>PLANIFICACI\u00d3N<\/strong><\/p>\n<p><strong>2019<\/strong><\/td>\n<\/tr>\n<tr>\n<td width=\"494\">Alfabetizaci\u00f3n Acad\u00e9mica<\/td>\n<td width=\"85\">1\u00b0 a\u00f1o<\/td>\n<td width=\"201\"><strong>Campo de Formaci\u00f3n General<\/strong><\/td>\n<td width=\"147\"><strong>\u00a0<img decoding=\"async\" loading=\"lazy\" class=\" wp-image-1011 aligncenter\" src=\"https:\/\/insvillaangela-cha.infd.edu.ar\/sitio\/wp-content\/uploads\/2019\/10\/LOGO-WORD.jpg\" alt=\"\" width=\"48\" height=\"48\" \/><\/strong><\/td>\n<\/tr>\n<tr>\n<td width=\"494\">Did\u00e1ctica General<\/td>\n<td width=\"85\">1\u00b0 a\u00f1o<\/td>\n<td width=\"201\"><strong>Campo de Formaci\u00f3n General<\/strong><\/td>\n<td style=\"text-align: center;\" width=\"147\"><img decoding=\"async\" loading=\"lazy\" class=\" wp-image-1011 aligncenter\" src=\"https:\/\/insvillaangela-cha.infd.edu.ar\/sitio\/wp-content\/uploads\/2019\/10\/LOGO-WORD.jpg\" alt=\"\" width=\"48\" height=\"48\" \/><a href=\"https:\/\/insvillaangela-cha.infd.edu.ar\/sitio\/wp-content\/uploads\/2019\/10\/2-MATEM-Did\u00e1ctica-CONTENIDOS-2019.docx\">2 MATEM Did\u00e1ctica CONTENIDOS 2019<\/a><\/td>\n<\/tr>\n<tr>\n<td width=\"494\">Pr\u00e1ctica Docente I<\/td>\n<td width=\"85\">1\u00b0 a\u00f1o<\/td>\n<td width=\"201\"><strong>Campo de Formaci\u00f3n de las Pr\u00e1cticas<\/strong><\/td>\n<td width=\"147\"><strong>\u00a0<img decoding=\"async\" loading=\"lazy\" class=\" wp-image-1011 aligncenter\" src=\"https:\/\/insvillaangela-cha.infd.edu.ar\/sitio\/wp-content\/uploads\/2019\/10\/LOGO-WORD.jpg\" alt=\"\" width=\"48\" height=\"48\" \/><\/strong><\/td>\n<\/tr>\n<tr>\n<td width=\"494\">Sujetos de la Educaci\u00f3n Secundaria<\/td>\n<td width=\"85\">1\u00b0 a\u00f1o<\/td>\n<td width=\"201\"><strong>Campo de la Formaci\u00f3n Espec\u00edfica<\/strong><\/td>\n<td width=\"147\"><strong>\u00a0<img decoding=\"async\" loading=\"lazy\" class=\" wp-image-1011 aligncenter\" src=\"https:\/\/insvillaangela-cha.infd.edu.ar\/sitio\/wp-content\/uploads\/2019\/10\/LOGO-WORD.jpg\" alt=\"\" width=\"48\" height=\"48\" \/><\/strong><\/td>\n<\/tr>\n<tr>\n<td width=\"494\">Algebra I<\/td>\n<td width=\"85\">1\u00b0 a\u00f1o<\/td>\n<td width=\"201\"><strong>Campo de la Formaci\u00f3n Espec\u00edfica<\/strong><\/td>\n<td style=\"text-align: center;\" width=\"147\"><img decoding=\"async\" loading=\"lazy\" class=\" wp-image-1011 aligncenter\" src=\"https:\/\/insvillaangela-cha.infd.edu.ar\/sitio\/wp-content\/uploads\/2019\/10\/LOGO-WORD.jpg\" alt=\"\" width=\"48\" height=\"48\" \/><a href=\"https:\/\/insvillaangela-cha.infd.edu.ar\/sitio\/wp-content\/uploads\/2019\/10\/1-MATEM-\u00c1lgebra-I-2019.docx\">1 MATEM \u00c1lgebra I 2019<\/a><\/td>\n<\/tr>\n<tr>\n<td width=\"494\">Geometr\u00eda I<\/td>\n<td width=\"85\">1\u00b0 a\u00f1o<\/td>\n<td width=\"201\"><strong>Campo de la Formaci\u00f3n Espec\u00edfica<\/strong><\/td>\n<td style=\"text-align: center;\" width=\"147\"><img decoding=\"async\" loading=\"lazy\" class=\" wp-image-1011 aligncenter\" src=\"https:\/\/insvillaangela-cha.infd.edu.ar\/sitio\/wp-content\/uploads\/2019\/10\/LOGO-WORD.jpg\" alt=\"\" width=\"48\" height=\"48\" \/><a href=\"https:\/\/insvillaangela-cha.infd.edu.ar\/sitio\/wp-content\/uploads\/2019\/10\/1-MATEM-GEOMETRIA-I-2019.docx\">1 MATEM GEOMETRIA I -2019<\/a><\/td>\n<\/tr>\n<tr>\n<td width=\"494\">Historia de la Matem\u00e1tica<\/td>\n<td width=\"85\">1\u00b0 a\u00f1o<\/td>\n<td width=\"201\"><strong>Campo de la Formaci\u00f3n Espec\u00edfica<\/strong><\/td>\n<td style=\"text-align: center;\" width=\"147\"><img decoding=\"async\" loading=\"lazy\" class=\" wp-image-1011 aligncenter\" src=\"https:\/\/insvillaangela-cha.infd.edu.ar\/sitio\/wp-content\/uploads\/2019\/10\/LOGO-WORD.jpg\" alt=\"\" width=\"48\" height=\"48\" \/><a href=\"https:\/\/insvillaangela-cha.infd.edu.ar\/sitio\/wp-content\/uploads\/2019\/10\/1-MATEM-Historia-de-la-Matem\u00e1tica-2019.doc\">1 MATEM Historia de la Matem\u00e1tica 2019<\/a><\/td>\n<\/tr>\n<tr>\n<td width=\"494\">Pr\u00e1ctica Docente II<\/td>\n<td width=\"85\">2\u00b0 a\u00f1o<\/td>\n<td width=\"201\"><strong>Campo de Formaci\u00f3n de las Pr\u00e1cticas<\/strong><\/td>\n<td style=\"text-align: center;\" width=\"147\"><img decoding=\"async\" loading=\"lazy\" class=\" wp-image-1011 aligncenter\" src=\"https:\/\/insvillaangela-cha.infd.edu.ar\/sitio\/wp-content\/uploads\/2019\/10\/LOGO-WORD.jpg\" alt=\"\" width=\"48\" height=\"48\" \/><a href=\"https:\/\/insvillaangela-cha.infd.edu.ar\/sitio\/wp-content\/uploads\/2019\/10\/2-MATEM-PR\u00c1CTICA-DOCENTE-II-2019.docx\">2 MATEM PR\u00c1CTICA DOCENTE II 2019<\/a><\/td>\n<\/tr>\n<tr>\n<td width=\"494\">Algebra II<\/td>\n<td width=\"85\">2\u00b0 a\u00f1o<\/td>\n<td width=\"201\"><strong>Campo de la Formaci\u00f3n Espec\u00edfica<\/strong><\/td>\n<td style=\"text-align: center;\" width=\"147\"><img decoding=\"async\" loading=\"lazy\" class=\" wp-image-1011 aligncenter\" src=\"https:\/\/insvillaangela-cha.infd.edu.ar\/sitio\/wp-content\/uploads\/2019\/10\/LOGO-WORD.jpg\" alt=\"\" width=\"48\" height=\"48\" \/><a href=\"https:\/\/insvillaangela-cha.infd.edu.ar\/sitio\/wp-content\/uploads\/2019\/10\/2-MATEM-algebra-II-2019.docx\">2 MATEM algebra II 2019<\/a><\/td>\n<\/tr>\n<tr>\n<td width=\"494\">Geometr\u00eda II<\/td>\n<td width=\"85\">2\u00b0 a\u00f1o<\/td>\n<td width=\"201\"><strong>Campo de la Formaci\u00f3n Espec\u00edfica<\/strong><\/td>\n<td style=\"text-align: center;\" width=\"147\"><img decoding=\"async\" loading=\"lazy\" class=\" wp-image-1011 aligncenter\" src=\"https:\/\/insvillaangela-cha.infd.edu.ar\/sitio\/wp-content\/uploads\/2019\/10\/LOGO-WORD.jpg\" alt=\"\" width=\"48\" height=\"48\" \/><a href=\"https:\/\/insvillaangela-cha.infd.edu.ar\/sitio\/wp-content\/uploads\/2019\/10\/2-MATEM-GEOMETRIA-II-2019.doc\">2 MATEM GEOMETRIA II 2019<\/a><\/td>\n<\/tr>\n<tr>\n<td width=\"494\">An\u00e1lisis Matem\u00e1tico I<\/td>\n<td width=\"85\">2\u00b0 a\u00f1o<\/td>\n<td width=\"201\"><strong>Campo de la Formaci\u00f3n Espec\u00edfica<\/strong><\/td>\n<td style=\"text-align: center;\" width=\"147\"><img decoding=\"async\" loading=\"lazy\" class=\" wp-image-1011 aligncenter\" src=\"https:\/\/insvillaangela-cha.infd.edu.ar\/sitio\/wp-content\/uploads\/2019\/10\/LOGO-WORD.jpg\" alt=\"\" width=\"48\" height=\"48\" \/><a href=\"https:\/\/insvillaangela-cha.infd.edu.ar\/sitio\/wp-content\/uploads\/2019\/10\/2-MATEM-2019-AN\u00c1LISIS-MATEM\u00c1TICO-I.docx\">2 MATEM 2019 AN\u00c1LISIS MATEM\u00c1TICO I<\/a><\/td>\n<\/tr>\n<tr>\n<td width=\"494\">Psicolog\u00eda de la Educaci\u00f3n<\/td>\n<td width=\"85\">2\u00b0a\u00f1o<\/td>\n<td width=\"201\"><strong>Campo de Formaci\u00f3n General<\/strong><\/td>\n<td width=\"147\"><strong>\u00a0<img decoding=\"async\" loading=\"lazy\" class=\" wp-image-1011 aligncenter\" src=\"https:\/\/insvillaangela-cha.infd.edu.ar\/sitio\/wp-content\/uploads\/2019\/10\/LOGO-WORD.jpg\" alt=\"\" width=\"48\" height=\"48\" \/><\/strong><\/td>\n<\/tr>\n<tr>\n<td width=\"494\">Pr\u00e1ctica Docente III<\/td>\n<td width=\"85\">3\u00b0 a\u00f1o<\/td>\n<td width=\"201\"><strong>Campo de Formaci\u00f3n de las Pr\u00e1cticas<\/strong><\/td>\n<td style=\"text-align: center;\" width=\"147\"><img decoding=\"async\" loading=\"lazy\" class=\" wp-image-1011 aligncenter\" src=\"https:\/\/insvillaangela-cha.infd.edu.ar\/sitio\/wp-content\/uploads\/2019\/10\/LOGO-WORD.jpg\" alt=\"\" width=\"48\" height=\"48\" \/><a href=\"https:\/\/insvillaangela-cha.infd.edu.ar\/sitio\/wp-content\/uploads\/2019\/10\/3-MATEM-Prac.III-2019.docx\">3 MATEM Prac.III 2019<\/a><\/td>\n<\/tr>\n<tr>\n<td width=\"494\">An\u00e1lisis Matem\u00e1tico II<\/td>\n<td width=\"85\">3\u00b0 a\u00f1o<\/td>\n<td width=\"201\"><strong>Campo de la Formaci\u00f3n Espec\u00edfica<\/strong><\/td>\n<td style=\"text-align: center;\" width=\"147\"><img decoding=\"async\" loading=\"lazy\" class=\" wp-image-1011 aligncenter\" src=\"https:\/\/insvillaangela-cha.infd.edu.ar\/sitio\/wp-content\/uploads\/2019\/10\/LOGO-WORD.jpg\" alt=\"\" width=\"48\" height=\"48\" \/><a href=\"https:\/\/insvillaangela-cha.infd.edu.ar\/sitio\/wp-content\/uploads\/2019\/10\/3-MATEM-An\u00e1lisis-Matem\u00e1tico-II-2019-1.docx\">3 MATEM An\u00e1lisis Matem\u00e1tico II 2019<\/a><\/td>\n<\/tr>\n<tr>\n<td width=\"494\">Algebra y Geometr\u00eda III<\/td>\n<td width=\"85\">3\u00b0 a\u00f1o<\/td>\n<td width=\"201\"><strong>Campo de la Formaci\u00f3n Espec\u00edfica<\/strong><\/td>\n<td style=\"text-align: center;\" width=\"147\"><img decoding=\"async\" loading=\"lazy\" class=\" wp-image-1011 aligncenter\" src=\"https:\/\/insvillaangela-cha.infd.edu.ar\/sitio\/wp-content\/uploads\/2019\/10\/LOGO-WORD.jpg\" alt=\"\" width=\"48\" height=\"48\" \/><a href=\"https:\/\/insvillaangela-cha.infd.edu.ar\/sitio\/wp-content\/uploads\/2019\/10\/3-MATEM-Alg-y-Geo-2019.docx\">3 MATEM Alg y Geo-2019<\/a><\/td>\n<\/tr>\n<tr>\n<td width=\"494\">Probabilidad y Estad\u00edstica<\/td>\n<td width=\"85\">3\u00b0 a\u00f1o<\/td>\n<td width=\"201\"><strong>Campo de la Formaci\u00f3n Espec\u00edfica<\/strong><\/td>\n<td width=\"147\"><strong>\u00a0<img decoding=\"async\" loading=\"lazy\" class=\" wp-image-1011 aligncenter\" src=\"https:\/\/insvillaangela-cha.infd.edu.ar\/sitio\/wp-content\/uploads\/2019\/10\/LOGO-WORD.jpg\" alt=\"\" width=\"48\" height=\"48\" \/><\/strong><\/td>\n<\/tr>\n<tr>\n<td width=\"494\">F\u00edsica General<\/td>\n<td width=\"85\">4\u00b0 a\u00f1o<\/td>\n<td width=\"201\"><strong>Campo de la Formaci\u00f3n Espec\u00edfica<\/strong><\/td>\n<td style=\"text-align: center;\" width=\"147\"><img decoding=\"async\" loading=\"lazy\" class=\" wp-image-1011 aligncenter\" src=\"https:\/\/insvillaangela-cha.infd.edu.ar\/sitio\/wp-content\/uploads\/2019\/10\/LOGO-WORD.jpg\" alt=\"\" width=\"48\" height=\"48\" \/><a href=\"https:\/\/insvillaangela-cha.infd.edu.ar\/sitio\/wp-content\/uploads\/2019\/10\/4-MATEM-FISICA-GRAL-2019.docx\">4 MATEM FISICA GRAL 2019<\/a><\/td>\n<\/tr>\n<tr>\n<td width=\"494\">Metodolog\u00eda de la Investigaci\u00f3n Educativa en Matem\u00e1tica<\/td>\n<td width=\"85\">4\u00b0 a\u00f1o<\/td>\n<td width=\"201\"><strong>Campo de la Formaci\u00f3n Espec\u00edfica<\/strong><\/td>\n<td style=\"text-align: center;\" width=\"147\"><img decoding=\"async\" loading=\"lazy\" class=\" wp-image-1011 aligncenter\" src=\"https:\/\/insvillaangela-cha.infd.edu.ar\/sitio\/wp-content\/uploads\/2019\/10\/LOGO-WORD.jpg\" alt=\"\" width=\"48\" height=\"48\" \/><a href=\"https:\/\/insvillaangela-cha.infd.edu.ar\/sitio\/wp-content\/uploads\/2019\/10\/4-MATEM-2019-Metodolog\u00eda-de-la-Investigaci\u00f3n-Educativa-en-Matem\u00e1tica.docx\">4 MATEM 2019 Metodolog\u00eda de la Investigaci\u00f3n Educativa en Matem\u00e1tica<\/a><\/td>\n<\/tr>\n<tr>\n<td width=\"494\">Formaci\u00f3n en Derechos Humanos, \u00c9tica y Ciudadan\u00eda<\/td>\n<td width=\"85\">4\u00b0a\u00f1o<\/td>\n<td width=\"201\"><strong>Campo de Formaci\u00f3n General<\/strong><\/td>\n<td width=\"147\"><strong>\u00a0<img decoding=\"async\" loading=\"lazy\" class=\" wp-image-1011 aligncenter\" src=\"https:\/\/insvillaangela-cha.infd.edu.ar\/sitio\/wp-content\/uploads\/2019\/10\/LOGO-WORD.jpg\" alt=\"\" width=\"48\" height=\"48\" \/><\/strong><\/td>\n<\/tr>\n<tr>\n<td width=\"494\">Residencia Pedag\u00f3gica<\/td>\n<td width=\"85\">4\u00b0a\u00f1o<\/td>\n<td width=\"201\"><strong>Campo de Formaci\u00f3n de las Pr\u00e1cticas<\/strong><\/td>\n<td width=\"147\">\n<p style=\"text-align: center;\"><strong><img decoding=\"async\" loading=\"lazy\" class=\"wp-image-1011 aligncenter\" src=\"https:\/\/insvillaangela-cha.infd.edu.ar\/sitio\/wp-content\/uploads\/2019\/10\/LOGO-WORD.jpg\" alt=\"\" width=\"48\" height=\"48\" \/><\/strong><a href=\"https:\/\/insvillaangela-cha.infd.edu.ar\/sitio\/wp-content\/uploads\/2019\/10\/4-MATEM-Residencia-Pedag\u00f3gica-2019.docx\">4 MATEM Residencia Pedag\u00f3gica 2019<\/a><\/p>\n<\/td>\n<\/tr>\n<tr>\n<td style=\"text-align: left;\" width=\"494\">Matem\u00e1tica Financiera<\/td>\n<td style=\"text-align: left;\" width=\"85\">4\u00b0a\u00f1o<\/td>\n<td style=\"text-align: left;\" width=\"201\"><strong>Campo de la Formaci\u00f3n Espec\u00edfica<\/strong><\/td>\n<td width=\"147\">\n<p style=\"text-align: center;\"><strong>\u00a0<img decoding=\"async\" loading=\"lazy\" class=\"wp-image-1011 aligncenter\" src=\"https:\/\/insvillaangela-cha.infd.edu.ar\/sitio\/wp-content\/uploads\/2019\/10\/LOGO-WORD.jpg\" alt=\"\" width=\"48\" height=\"48\" \/><\/strong><a href=\"https:\/\/insvillaangela-cha.infd.edu.ar\/sitio\/wp-content\/uploads\/2019\/10\/4-MATEM-2019-MATEMATICA-FINANCIERA.doc\">4 MATEM 2019 MATEMATICA FINANCIERA<\/a><\/p>\n<\/td>\n<\/tr>\n<\/tbody>\n<\/table>\n<p>&nbsp;<\/p>\n<p>&nbsp;<\/p>\n","protected":false},"excerpt":{"rendered":"<p>PLAN DE ESTUDIOS RES. N\u00b0 7212\/14\u00a0 MECCYT A\u00d1O CAMPO PLANIFICACI\u00d3N 2019 Alfabetizaci\u00f3n Acad\u00e9mica 1\u00b0 a\u00f1o Campo de Formaci\u00f3n General \u00a0 Did\u00e1ctica General 1\u00b0 a\u00f1o Campo de Formaci\u00f3n General 2 MATEM Did\u00e1ctica CONTENIDOS 2019 Pr\u00e1ctica Docente I 1\u00b0 a\u00f1o Campo de Formaci\u00f3n de las Pr\u00e1cticas \u00a0 Sujetos de la Educaci\u00f3n Secundaria 1\u00b0 a\u00f1o Campo de la &#8230; <a title=\"Profesorado para  Educaci\u00f3n Secundaria en Matem\u00e1tica\" class=\"read-more\" href=\"https:\/\/insvillaangela-cha.infd.edu.ar\/sitio\/prof-matematica\/\" aria-label=\"More on Profesorado para  Educaci\u00f3n Secundaria en Matem\u00e1tica\">[+]<\/a><\/p>\n","protected":false},"author":2145,"featured_media":0,"parent":0,"menu_order":0,"comment_status":"closed","ping_status":"closed","template":"","meta":[],"acf":[],"_links":{"self":[{"href":"https:\/\/insvillaangela-cha.infd.edu.ar\/sitio\/wp-json\/wp\/v2\/pages\/898"}],"collection":[{"href":"https:\/\/insvillaangela-cha.infd.edu.ar\/sitio\/wp-json\/wp\/v2\/pages"}],"about":[{"href":"https:\/\/insvillaangela-cha.infd.edu.ar\/sitio\/wp-json\/wp\/v2\/types\/page"}],"author":[{"embeddable":true,"href":"https:\/\/insvillaangela-cha.infd.edu.ar\/sitio\/wp-json\/wp\/v2\/users\/2145"}],"replies":[{"embeddable":true,"href":"https:\/\/insvillaangela-cha.infd.edu.ar\/sitio\/wp-json\/wp\/v2\/comments?post=898"}],"version-history":[{"count":9,"href":"https:\/\/insvillaangela-cha.infd.edu.ar\/sitio\/wp-json\/wp\/v2\/pages\/898\/revisions"}],"predecessor-version":[{"id":1282,"href":"https:\/\/insvillaangela-cha.infd.edu.ar\/sitio\/wp-json\/wp\/v2\/pages\/898\/revisions\/1282"}],"wp:attachment":[{"href":"https:\/\/insvillaangela-cha.infd.edu.ar\/sitio\/wp-json\/wp\/v2\/media?parent=898"}],"curies":[{"name":"wp","href":"https:\/\/api.w.org\/{rel}","templated":true}]}}