{"id":900,"date":"2018-08-30T16:38:00","date_gmt":"2018-08-30T19:38:00","guid":{"rendered":"https:\/\/insvillaangela-cha.infd.edu.ar\/sitio\/informacion-para-alumnos\/"},"modified":"2020-06-18T19:12:00","modified_gmt":"2020-06-18T22:12:00","slug":"prof-primaria","status":"publish","type":"page","link":"https:\/\/insvillaangela-cha.infd.edu.ar\/sitio\/prof-primaria\/","title":{"rendered":"PROFESORADO PARA LA EDUCACI\u00d3N PRIMARIA"},"content":{"rendered":"<p style=\"text-align: center;\">ANEXO I a la RESOLUCI\u00d3N N\u00b0 7594\/14 M.E.C.C.y T<\/p>\n<p style=\"text-align: center;\">PLAN DE ESTUDIOS<\/p>\n<table width=\"697\">\n<tbody>\n<tr>\n<td width=\"253\">Unidades Curriculares<\/td>\n<td width=\"94\">Duraci\u00f3n<\/td>\n<td width=\"113\">Horas c\u00e1tedras<\/p>\n<p>(semanales)<\/td>\n<td width=\"236\">CAMPOS<\/td>\n<\/tr>\n<tr>\n<td width=\"253\"><strong>PRIMER A\u00d1O<\/strong><\/td>\n<td width=\"94\">&nbsp;<\/td>\n<td width=\"113\">&nbsp;<\/td>\n<td width=\"236\">&nbsp;<\/td>\n<\/tr>\n<tr>\n<td width=\"253\">Pedagog\u00eda<\/td>\n<td width=\"94\">Anual<\/td>\n<td width=\"113\">3<\/td>\n<td width=\"236\">DE LA FORMACI\u00d3N GENERAL<\/td>\n<\/tr>\n<tr>\n<td width=\"253\">Alfabetizaci\u00f3n Acad\u00e9mica<\/td>\n<td width=\"94\">Anual<\/td>\n<td width=\"113\">3<\/td>\n<td width=\"236\">&nbsp;<\/td>\n<\/tr>\n<tr>\n<td width=\"253\">Did\u00e1ctica General<\/td>\n<td width=\"94\">Anual<\/td>\n<td width=\"113\">5<\/td>\n<td width=\"236\">&nbsp;<\/td>\n<\/tr>\n<tr>\n<td width=\"253\">Psicolog\u00eda de la Educaci\u00f3n<\/td>\n<td width=\"94\">Anual<\/td>\n<td width=\"113\">3<\/td>\n<td width=\"236\">&nbsp;<\/td>\n<\/tr>\n<tr>\n<td width=\"253\">Matem\u00e1tica<\/td>\n<td width=\"94\">Anual<\/td>\n<td width=\"113\">6<\/td>\n<td width=\"236\">DE LA FORMACION ESPECIFICA<\/td>\n<\/tr>\n<tr>\n<td width=\"253\">Lengua<\/td>\n<td width=\"94\">Anual<\/td>\n<td width=\"113\">3<\/td>\n<td width=\"236\">&nbsp;<\/td>\n<\/tr>\n<tr>\n<td width=\"253\">Literatura<\/td>\n<td width=\"94\">Anual<\/td>\n<td width=\"113\">3<\/td>\n<td width=\"236\">&nbsp;<\/td>\n<\/tr>\n<tr>\n<td width=\"253\">Sujetos de la Educaci\u00f3n Primaria<\/td>\n<td width=\"94\">Anual<\/td>\n<td width=\"113\">5<\/td>\n<td width=\"236\">&nbsp;<\/td>\n<\/tr>\n<tr>\n<td width=\"253\">Pr\u00e1ctica Docente I<\/td>\n<td width=\"94\">Anual<\/td>\n<td width=\"113\">6<\/td>\n<td width=\"236\">DE LA FORMACION EN LA PRACTICA PROFESIONAL<\/td>\n<\/tr>\n<tr>\n<td width=\"253\"><strong>\u00a0<\/strong><\/td>\n<td width=\"94\">&nbsp;<\/td>\n<td width=\"113\">&nbsp;<\/td>\n<td width=\"236\">&nbsp;<\/td>\n<\/tr>\n<tr>\n<td width=\"253\"><strong>SEGUNDO A\u00d1O<\/strong><\/td>\n<td width=\"94\">&nbsp;<\/td>\n<td width=\"113\">&nbsp;<\/td>\n<td width=\"236\">&nbsp;<\/td>\n<\/tr>\n<tr>\n<td width=\"253\">Sociolog\u00eda de la Educaci\u00f3n<\/td>\n<td width=\"94\">2do. Cuatr<\/td>\n<td width=\"113\">4<\/td>\n<td width=\"236\">DE LA FORMACI\u00d3N GENERAL<\/td>\n<\/tr>\n<tr>\n<td width=\"253\">Educaci\u00f3n Tecnol\u00f3gica y TIC<\/td>\n<td width=\"94\">Anual<\/td>\n<td width=\"113\">3<\/td>\n<td width=\"236\">&nbsp;<\/td>\n<\/tr>\n<tr>\n<td width=\"253\">Historia Argentina Latinoamericana y Chaque\u00f1a<\/td>\n<td width=\"94\">1er. Cuatr<\/td>\n<td width=\"113\">4<\/td>\n<td width=\"236\">&nbsp;<\/td>\n<\/tr>\n<tr>\n<td width=\"253\">Ciencias Sociales<\/td>\n<td width=\"94\">Anual<\/td>\n<td width=\"113\">6<\/td>\n<td width=\"236\">DE LA FORMACION ESPECIFICA<\/td>\n<\/tr>\n<tr>\n<td width=\"253\">Ciencias Naturales<\/td>\n<td width=\"94\">Anual<\/td>\n<td width=\"113\">6<\/td>\n<td width=\"236\">&nbsp;<\/td>\n<\/tr>\n<tr>\n<td width=\"253\">Alfabetizaci\u00f3n Inicial<\/td>\n<td width=\"94\">Anual<\/td>\n<td width=\"113\">3<\/td>\n<td width=\"236\">&nbsp;<\/td>\n<\/tr>\n<tr>\n<td width=\"253\">Lengua y Literatura y su Did\u00e1ctica<\/td>\n<td width=\"94\">Anual<\/td>\n<td width=\"113\">4<\/td>\n<td width=\"236\">&nbsp;<\/td>\n<\/tr>\n<tr>\n<td width=\"253\">Matem\u00e1tica y su Did\u00e1ctica<\/td>\n<td width=\"94\">Anual<\/td>\n<td width=\"113\">4<\/td>\n<td width=\"236\">&nbsp;<\/td>\n<\/tr>\n<tr>\n<td width=\"253\">Pr\u00e1ctica Docente II<\/td>\n<td width=\"94\">Anual<\/td>\n<td width=\"113\">6<\/td>\n<td width=\"236\">DE LA FORMACION EN LA PRACTICA PROFESIONAL<\/td>\n<\/tr>\n<tr>\n<td width=\"253\"><strong>\u00a0<\/strong><\/td>\n<td width=\"94\">&nbsp;<\/td>\n<td width=\"113\">&nbsp;<\/td>\n<td width=\"236\">&nbsp;<\/td>\n<\/tr>\n<tr>\n<td width=\"253\"><strong>TERCER A\u00d1O<\/strong><\/td>\n<td width=\"94\">&nbsp;<\/td>\n<td width=\"113\">&nbsp;<\/td>\n<td width=\"236\">&nbsp;<\/td>\n<\/tr>\n<tr>\n<td width=\"253\">Filosof\u00eda<\/td>\n<td width=\"94\">1er. Cuatr<\/td>\n<td width=\"113\">4<\/td>\n<td width=\"236\">DE LA FORMACI\u00d3N GENERAL<\/td>\n<\/tr>\n<tr>\n<td width=\"253\">Historia y Pol\u00edtica de la Educaci\u00f3n Latinoamericana, Argentina y Chaque\u00f1a<\/td>\n<td width=\"94\">Anual<\/td>\n<td width=\"113\">3<\/td>\n<td width=\"236\">&nbsp;<\/td>\n<\/tr>\n<tr>\n<td width=\"253\">Literatura Infantil y Juvenil<\/td>\n<td width=\"94\">2do.Cuatr<\/td>\n<td width=\"113\">3<\/td>\n<td width=\"236\">DE LA FORMACION ESPECIFICA<\/td>\n<\/tr>\n<tr>\n<td width=\"253\">Proyectos Pedag\u00f3gicos con TIC<\/td>\n<td width=\"94\">Anual<\/td>\n<td width=\"113\">3<\/td>\n<td width=\"236\">&nbsp;<\/td>\n<\/tr>\n<tr>\n<td width=\"253\">Problem\u00e1tica Contempor\u00e1nea de la Educaci\u00f3n Primaria<\/td>\n<td width=\"94\">Anual<\/td>\n<td width=\"113\">3<\/td>\n<td width=\"236\">&nbsp;<\/td>\n<\/tr>\n<tr>\n<td width=\"253\">Ciencias Naturales y su Did\u00e1ctica<\/td>\n<td width=\"94\">Anual<\/td>\n<td width=\"113\">4<\/td>\n<td width=\"236\">&nbsp;<\/td>\n<\/tr>\n<tr>\n<td width=\"253\">Ciencias Sociales y su Did\u00e1ctica<\/td>\n<td width=\"94\">Anual<\/td>\n<td width=\"113\">4<\/td>\n<td width=\"236\">&nbsp;<\/td>\n<\/tr>\n<tr>\n<td width=\"253\">Educaci\u00f3n Rural<\/td>\n<td width=\"94\">1er. Cuatr<\/td>\n<td width=\"113\">3<\/td>\n<td width=\"236\">&nbsp;<\/td>\n<\/tr>\n<tr>\n<td width=\"253\">Educaci\u00f3n Intercultural<\/td>\n<td width=\"94\">Anual<\/td>\n<td width=\"113\">3<\/td>\n<td width=\"236\">&nbsp;<\/td>\n<\/tr>\n<tr>\n<td width=\"253\">Lenguajes Expresivos y Juegos<\/td>\n<td width=\"94\">2do.Cuatr<\/td>\n<td width=\"113\">3<\/td>\n<td width=\"236\">&nbsp;<\/td>\n<\/tr>\n<tr>\n<td width=\"253\">Pr\u00e1ctica Docente III<\/td>\n<td width=\"94\">Anual<\/td>\n<td width=\"113\">7<\/td>\n<td width=\"236\">DE LA FORMACION EN LA PRACTICA PROFESIONAL<\/td>\n<\/tr>\n<tr>\n<td width=\"253\"><strong>\u00a0<\/strong><\/td>\n<td width=\"94\">&nbsp;<\/td>\n<td width=\"113\">&nbsp;<\/td>\n<td width=\"236\">&nbsp;<\/td>\n<\/tr>\n<tr>\n<td width=\"253\"><strong>CUARTO A\u00d1O<\/strong><\/td>\n<td width=\"94\">&nbsp;<\/td>\n<td width=\"113\">&nbsp;<\/td>\n<td width=\"236\">&nbsp;<\/td>\n<\/tr>\n<tr>\n<td width=\"253\">Cultura y Lengua Originarias<\/td>\n<td width=\"94\">2do.Cuatr<\/td>\n<td width=\"113\">3<\/td>\n<td width=\"236\">DE LA FORMACI\u00d3N GENERAL<\/td>\n<\/tr>\n<tr>\n<td width=\"253\">Formaci\u00f3n en Derechos Humanos, \u00c9tica y Ciudadan\u00eda<\/td>\n<td width=\"94\">1er. Cuatr<\/td>\n<td width=\"113\">4<\/td>\n<td width=\"236\">&nbsp;<\/td>\n<\/tr>\n<tr>\n<td width=\"253\">Lengua Extranjera<\/td>\n<td width=\"94\">1er. Cuatr<\/td>\n<td width=\"113\">3<\/td>\n<td width=\"236\">&nbsp;<\/td>\n<\/tr>\n<tr>\n<td width=\"253\">Educaci\u00f3n Inclusiva<\/td>\n<td width=\"94\">1er. Cuatr<\/td>\n<td width=\"113\">3<\/td>\n<td width=\"236\">DE LA FORMACION ESPECIFICA<\/td>\n<\/tr>\n<tr>\n<td width=\"253\">Taller Integrador Interdisciplinario \u2013 Cs. Sociales- Cs. Naturales- Matem\u00e1tica \u2013 Lengua y Literatura<\/td>\n<td width=\"94\">2do.Cuatr<\/td>\n<td width=\"113\">8<\/td>\n<td width=\"236\">&nbsp;<\/td>\n<\/tr>\n<tr>\n<td width=\"253\">Educaci\u00f3n Sexual Integral<\/td>\n<td width=\"94\">1er. Cuatr<\/td>\n<td width=\"113\">3<\/td>\n<td width=\"236\">&nbsp;<\/td>\n<\/tr>\n<tr>\n<td width=\"253\">Residencia Pedag\u00f3gica<\/td>\n<td width=\"94\">Anual<\/td>\n<td width=\"113\">10<\/td>\n<td width=\"236\">DE LA FORMACION EN LA PRACTICA PROFESIONAL<\/td>\n<\/tr>\n<\/tbody>\n<\/table>\n<p>&nbsp;<\/p>\n","protected":false},"excerpt":{"rendered":"<p>ANEXO I a la RESOLUCI\u00d3N N\u00b0 7594\/14 M.E.C.C.y T PLAN DE ESTUDIOS Unidades Curriculares Duraci\u00f3n Horas c\u00e1tedras (semanales) CAMPOS PRIMER A\u00d1O &nbsp; &nbsp; &nbsp; Pedagog\u00eda Anual 3 DE LA FORMACI\u00d3N GENERAL Alfabetizaci\u00f3n Acad\u00e9mica Anual 3 &nbsp; Did\u00e1ctica General Anual 5 &nbsp; Psicolog\u00eda de la Educaci\u00f3n Anual 3 &nbsp; Matem\u00e1tica Anual 6 DE LA FORMACION ESPECIFICA &#8230; <a title=\"PROFESORADO PARA LA EDUCACI\u00d3N PRIMARIA\" class=\"read-more\" href=\"https:\/\/insvillaangela-cha.infd.edu.ar\/sitio\/prof-primaria\/\" aria-label=\"More on PROFESORADO PARA LA EDUCACI\u00d3N PRIMARIA\">[+]<\/a><\/p>\n","protected":false},"author":2145,"featured_media":0,"parent":0,"menu_order":0,"comment_status":"closed","ping_status":"closed","template":"","meta":[],"acf":[],"_links":{"self":[{"href":"https:\/\/insvillaangela-cha.infd.edu.ar\/sitio\/wp-json\/wp\/v2\/pages\/900"}],"collection":[{"href":"https:\/\/insvillaangela-cha.infd.edu.ar\/sitio\/wp-json\/wp\/v2\/pages"}],"about":[{"href":"https:\/\/insvillaangela-cha.infd.edu.ar\/sitio\/wp-json\/wp\/v2\/types\/page"}],"author":[{"embeddable":true,"href":"https:\/\/insvillaangela-cha.infd.edu.ar\/sitio\/wp-json\/wp\/v2\/users\/2145"}],"replies":[{"embeddable":true,"href":"https:\/\/insvillaangela-cha.infd.edu.ar\/sitio\/wp-json\/wp\/v2\/comments?post=900"}],"version-history":[{"count":3,"href":"https:\/\/insvillaangela-cha.infd.edu.ar\/sitio\/wp-json\/wp\/v2\/pages\/900\/revisions"}],"predecessor-version":[{"id":1225,"href":"https:\/\/insvillaangela-cha.infd.edu.ar\/sitio\/wp-json\/wp\/v2\/pages\/900\/revisions\/1225"}],"wp:attachment":[{"href":"https:\/\/insvillaangela-cha.infd.edu.ar\/sitio\/wp-json\/wp\/v2\/media?parent=900"}],"curies":[{"name":"wp","href":"https:\/\/api.w.org\/{rel}","templated":true}]}}