{"id":918,"date":"2018-08-30T16:38:09","date_gmt":"2018-08-30T19:38:09","guid":{"rendered":"https:\/\/insvillaangela-cha.infd.edu.ar\/sitio\/profesorado-para-educacion-especial-orientacion-en-discapacidad-intelectual-resolucion-n-4279c\/"},"modified":"2020-06-19T15:07:31","modified_gmt":"2020-06-19T18:07:31","slug":"prof-educ-especial","status":"publish","type":"page","link":"https:\/\/insvillaangela-cha.infd.edu.ar\/sitio\/prof-educ-especial\/","title":{"rendered":"PROFESORADO DE EDUCACI\u00d3N ESPECIAL CON ORIENTACI\u00d3N EN DISCAPACIDAD INTELECTUAL"},"content":{"rendered":"<p style=\"text-align: center;\"><span style=\"font-size: 18pt;\"><img decoding=\"async\" loading=\"lazy\" class=\"alignleft\" title=\"portada ed especial \" src=\"https:\/\/insvillaangela-cha.infd.edu.ar\/sitio\/wp-content\/uploads\/2018\/08\/ninos_jugando.jpg\" alt=\"portada ed especial \" width=\"156\" height=\"121\" border=\"0\" \/><\/span><\/p>\n<h2 style=\"text-align: center;\">TITULO A OTORGAR: Profesor\/a de Educaci\u00f3n Especial con Orientaci\u00f3n en Discapacidad Intelectual<\/h2>\n<p style=\"text-align: center;\"><b>DURACI\u00d3N<\/b><strong>\u00a0DE LA CARRERA EN A\u00d1OS\u00a0<\/strong><b>ACAD\u00c9MICOS<\/b>: 4 a\u00f1os \/\/\/\u00a0<strong>RESOLUCI\u00d3N N\u00b0 7591\/2014<\/strong><\/p>\n<h1 style=\"text-align: center;\"><u>PLAN DE ESTUDIOS<\/u><\/h1>\n<table width=\"578\">\n<tbody>\n<tr>\n<td width=\"279\">&nbsp;<\/p>\n<p>Unidades Curriculares<\/td>\n<td width=\"66\">&nbsp;<\/p>\n<p>DURACI\u00d3N<\/td>\n<td width=\"72\">Horas catedra<\/p>\n<p>Semanales<\/td>\n<td width=\"161\">&nbsp;<\/p>\n<p>CAMPOS<\/td>\n<\/tr>\n<tr>\n<td width=\"279\">&nbsp;<\/td>\n<td width=\"66\">&nbsp;<\/td>\n<td width=\"72\">&nbsp;<\/td>\n<td width=\"161\">&nbsp;<\/td>\n<\/tr>\n<tr>\n<td width=\"279\"><strong>PRIMER A\u00d1O<\/strong><\/td>\n<td width=\"66\">&nbsp;<\/td>\n<td width=\"72\">&nbsp;<\/td>\n<td width=\"161\">&nbsp;<\/td>\n<\/tr>\n<tr>\n<td width=\"279\">Pedagog\u00eda<\/td>\n<td width=\"66\">Anual<\/td>\n<td width=\"72\">4<\/td>\n<td rowspan=\"3\" width=\"161\">&nbsp;<\/p>\n<p>DE LA FORMACI\u00d3N GENERAL<\/td>\n<\/tr>\n<tr>\n<td width=\"279\">Alfabetizaci\u00f3n Acad\u00e9mica<\/td>\n<td width=\"66\">Anual<\/td>\n<td width=\"72\">3<\/td>\n<\/tr>\n<tr>\n<td width=\"279\">Did\u00e1ctica General<\/td>\n<td width=\"66\">Anual<\/td>\n<td width=\"72\">4<\/td>\n<\/tr>\n<tr>\n<td width=\"279\">Neurociencia y aprendizaje<\/td>\n<td width=\"66\">Anual<\/td>\n<td width=\"72\">4<\/td>\n<td rowspan=\"5\" width=\"161\">&nbsp;<\/p>\n<p>DE LA FORMACION ESPECIFICA<\/td>\n<\/tr>\n<tr>\n<td width=\"279\">Sujetos de la educaci\u00f3n Especial<\/td>\n<td width=\"66\">Anual<\/td>\n<td width=\"72\">4<\/td>\n<\/tr>\n<tr>\n<td width=\"279\">Problem\u00e1tica contempor\u00e1nea de la Educaci\u00f3n Especial<\/td>\n<td width=\"66\">Anual<\/td>\n<td width=\"72\">4<\/td>\n<\/tr>\n<tr>\n<td width=\"279\">Lengua y Literatura<\/td>\n<td width=\"66\">Anual<\/td>\n<td width=\"72\">3<\/td>\n<\/tr>\n<tr>\n<td width=\"279\">Matem\u00e1tica<\/td>\n<td width=\"66\">Anual<\/td>\n<td width=\"72\">3<\/td>\n<\/tr>\n<tr>\n<td width=\"279\">Pr\u00e1ctica Docente I<\/td>\n<td width=\"66\">Anual<\/td>\n<td width=\"72\">5<\/td>\n<td width=\"161\">DE LA FORMACION\u00a0 EN LA PRACTICA PROFESIONAL<\/td>\n<\/tr>\n<tr>\n<td width=\"279\">&nbsp;<\/td>\n<td width=\"66\">&nbsp;<\/td>\n<td width=\"72\">&nbsp;<\/td>\n<td width=\"161\">&nbsp;<\/td>\n<\/tr>\n<tr>\n<td width=\"279\"><strong>SEGUNDO A\u00d1O<\/strong><\/td>\n<td width=\"66\">&nbsp;<\/td>\n<td width=\"72\">&nbsp;<\/td>\n<td width=\"161\">&nbsp;<\/td>\n<\/tr>\n<tr>\n<td width=\"279\">Psicolog\u00eda Educacional<\/td>\n<td width=\"66\">Anual<\/td>\n<td width=\"72\">3<\/td>\n<td rowspan=\"4\" width=\"161\">DE LA FORMACI\u00d3N GENERAL<\/td>\n<\/tr>\n<tr>\n<td width=\"279\">Filosof\u00eda<\/td>\n<td width=\"66\">Anual<\/td>\n<td width=\"72\">3<\/td>\n<\/tr>\n<tr>\n<td width=\"279\">Tecnolog\u00eda de la Informaci\u00f3n y de la Comunicaci\u00f3n en educaci\u00f3n<\/td>\n<td width=\"66\">1er. Cuat<\/td>\n<td width=\"72\">3<\/td>\n<\/tr>\n<tr>\n<td width=\"279\">Cultura y Lengua Originarias<\/td>\n<td width=\"66\">2do.Cuat<\/td>\n<td width=\"72\">3<\/td>\n<\/tr>\n<tr>\n<td width=\"279\">Matem\u00e1tica y su did\u00e1ctica<\/td>\n<td width=\"66\">Anual<\/td>\n<td width=\"72\">4<\/td>\n<td rowspan=\"6\" width=\"161\">&nbsp;<\/p>\n<p>&nbsp;<\/p>\n<p>&nbsp;<\/p>\n<p>DE LA FORMACION ESPECIFICA<\/td>\n<\/tr>\n<tr>\n<td width=\"279\">Lengua y Literatura y su did\u00e1ctica<\/td>\n<td width=\"66\">Anual<\/td>\n<td width=\"72\">4<\/td>\n<\/tr>\n<tr>\n<td width=\"279\">Educaci\u00f3n Psicomotriz<\/td>\n<td width=\"66\">1er. Cuat<\/td>\n<td width=\"72\">4<\/td>\n<\/tr>\n<tr>\n<td width=\"279\">Alfabetizaci\u00f3n Inicial<\/td>\n<td width=\"66\">Anual<\/td>\n<td width=\"72\">3<\/td>\n<\/tr>\n<tr>\n<td width=\"279\">Desarrollo del Lenguaje<\/td>\n<td width=\"66\">1er. Cuat<\/td>\n<td width=\"72\">4<\/td>\n<\/tr>\n<tr>\n<td width=\"279\">Diversidad funcional<\/td>\n<td width=\"66\">2do.Cuat<\/td>\n<td width=\"72\">4<\/td>\n<\/tr>\n<tr>\n<td width=\"279\">Pr\u00e1ctica Docente II<\/td>\n<td width=\"66\">Anual<\/td>\n<td width=\"72\">6<\/td>\n<td width=\"161\">DE LA FORMACION\u00a0 EN LA PRACTICA PROFESIONAL<\/td>\n<\/tr>\n<tr>\n<td width=\"279\">&nbsp;<\/td>\n<td width=\"66\">&nbsp;<\/td>\n<td width=\"72\">&nbsp;<\/td>\n<td width=\"161\">&nbsp;<\/td>\n<\/tr>\n<tr>\n<td width=\"279\"><strong>TERCER A\u00d1O<\/strong><\/td>\n<td width=\"66\">&nbsp;<\/td>\n<td width=\"72\">&nbsp;<\/td>\n<td width=\"161\">&nbsp;<\/td>\n<\/tr>\n<tr>\n<td width=\"279\">Sociolog\u00eda de la Educaci\u00f3n<\/td>\n<td width=\"66\">&nbsp;<\/p>\n<p>Anual<\/td>\n<td width=\"72\">3<\/td>\n<td rowspan=\"2\" width=\"161\">&nbsp;<\/p>\n<p>DE LA FORMACI\u00d3N GENERAL<\/td>\n<\/tr>\n<tr>\n<td width=\"279\">Historia y Pol\u00edtica de la Educaci\u00f3n Latinoamericana, Argentina y Chaque\u00f1a<\/td>\n<td width=\"66\">Anual<\/td>\n<td width=\"72\">4<\/td>\n<\/tr>\n<tr>\n<td width=\"279\">Ciencias Sociales y su Did\u00e1ctica<\/td>\n<td width=\"66\">Anual<\/td>\n<td width=\"72\">6<\/td>\n<td rowspan=\"5\" width=\"161\">&nbsp;<\/p>\n<p>&nbsp;<\/p>\n<p>DE LA FORMACION ESPECIFICA<\/td>\n<\/tr>\n<tr>\n<td width=\"279\">Ciencias naturales y su Did\u00e1ctica<\/td>\n<td width=\"66\">Anual<\/td>\n<td width=\"72\">6<\/td>\n<\/tr>\n<tr>\n<td width=\"279\">Abordaje Pedag\u00f3gico I<\/td>\n<td width=\"66\">Anual<\/td>\n<td width=\"72\">4<\/td>\n<\/tr>\n<tr>\n<td width=\"279\">TIC en Educaci\u00f3n Especial<\/td>\n<td width=\"66\">Anual<\/td>\n<td width=\"72\">4<\/td>\n<\/tr>\n<tr>\n<td width=\"279\">Educaci\u00f3n Sexual Integral (ESI)<\/td>\n<td width=\"66\">1er. Cuat<\/td>\n<td width=\"72\">3<\/td>\n<\/tr>\n<tr>\n<td width=\"279\">Pr\u00e1ctica Docente III<\/td>\n<td width=\"66\">Anual<\/td>\n<td width=\"72\">7<\/td>\n<td width=\"161\">DE LA FORMACION\u00a0 EN LA PRACTICA PROFESIONAL<\/td>\n<\/tr>\n<tr>\n<td width=\"279\">&nbsp;<\/td>\n<td width=\"66\">&nbsp;<\/td>\n<td width=\"72\">&nbsp;<\/td>\n<td width=\"161\">&nbsp;<\/td>\n<\/tr>\n<tr>\n<td width=\"279\"><strong>CUARTO A\u00d1O<\/strong><\/td>\n<td width=\"66\">&nbsp;<\/td>\n<td width=\"72\">&nbsp;<\/td>\n<td width=\"161\">&nbsp;<\/td>\n<\/tr>\n<tr>\n<td width=\"279\">Formaci\u00f3n en Derechos Humanos, Etica y Ciudadan\u00eda<\/td>\n<td width=\"66\">Anual<\/td>\n<td width=\"72\">4<\/td>\n<td width=\"161\">&nbsp;<\/p>\n<p>DE LA FORMACI\u00d3N GENERAL<\/td>\n<\/tr>\n<tr>\n<td width=\"279\">Educaci\u00f3n Rural<\/td>\n<td width=\"66\">1er. Cuat<\/td>\n<td width=\"72\">3<\/td>\n<td width=\"161\">&nbsp;<\/td>\n<\/tr>\n<tr>\n<td width=\"279\">Arte en Educaci\u00f3n Especial I: Artes visuales<\/td>\n<td width=\"66\">1er. Cuat<\/td>\n<td width=\"72\">3<\/td>\n<td width=\"161\">&nbsp;<\/p>\n<p>&nbsp;<\/p>\n<p>&nbsp;<\/p>\n<p>DE LA FORMACION ESPECIFICA<\/td>\n<\/tr>\n<tr>\n<td width=\"279\">Arte en Educaci\u00f3n Especial II: Expresi\u00f3n corporal y musical<\/td>\n<td width=\"66\">2do.Cuat<\/td>\n<td width=\"72\">3<\/td>\n<td width=\"161\">&nbsp;<\/td>\n<\/tr>\n<tr>\n<td width=\"279\">Detecci\u00f3n de barreras al aprendizaje y la participaci\u00f3n<\/td>\n<td width=\"66\">1er. Cuat<\/td>\n<td width=\"72\">4<\/td>\n<td width=\"161\">&nbsp;<\/td>\n<\/tr>\n<tr>\n<td width=\"279\">Subjetividad y\u00a0 Discapacidad<\/td>\n<td width=\"66\">2do.Cuat<\/td>\n<td width=\"72\">4<\/td>\n<td width=\"161\">&nbsp;<\/td>\n<\/tr>\n<tr>\n<td width=\"279\">Abordaje\u00a0 Pedag\u00f3gico II<\/td>\n<td width=\"66\">Anual<\/td>\n<td width=\"72\">4<\/td>\n<td width=\"161\">&nbsp;<\/td>\n<\/tr>\n<tr>\n<td width=\"279\">Formaci\u00f3n pre profesional y Ocupacional<\/td>\n<td width=\"66\">1er. Cuat<\/td>\n<td width=\"72\">4<\/td>\n<td width=\"161\">&nbsp;<\/td>\n<\/tr>\n<tr>\n<td width=\"279\">Residencia<\/td>\n<td width=\"66\">Anual<\/td>\n<td width=\"72\">8<\/td>\n<td width=\"161\">DE LA FORMACION\u00a0 EN LA PRACTICA PROFESIONAL<\/td>\n<\/tr>\n<\/tbody>\n<\/table>\n","protected":false},"excerpt":{"rendered":"<p>TITULO A OTORGAR: Profesor\/a de Educaci\u00f3n Especial con Orientaci\u00f3n en Discapacidad Intelectual DURACI\u00d3N\u00a0DE LA CARRERA EN A\u00d1OS\u00a0ACAD\u00c9MICOS: 4 a\u00f1os \/\/\/\u00a0RESOLUCI\u00d3N N\u00b0 7591\/2014 PLAN DE ESTUDIOS &nbsp; Unidades Curriculares &nbsp; DURACI\u00d3N Horas catedra Semanales &nbsp; CAMPOS &nbsp; &nbsp; &nbsp; &nbsp; PRIMER A\u00d1O &nbsp; &nbsp; &nbsp; Pedagog\u00eda Anual 4 &nbsp; DE LA FORMACI\u00d3N GENERAL Alfabetizaci\u00f3n Acad\u00e9mica Anual &#8230; <a title=\"PROFESORADO DE EDUCACI\u00d3N ESPECIAL CON ORIENTACI\u00d3N EN DISCAPACIDAD INTELECTUAL\" class=\"read-more\" href=\"https:\/\/insvillaangela-cha.infd.edu.ar\/sitio\/prof-educ-especial\/\" aria-label=\"More on PROFESORADO DE EDUCACI\u00d3N ESPECIAL CON ORIENTACI\u00d3N EN DISCAPACIDAD INTELECTUAL\">[+]<\/a><\/p>\n","protected":false},"author":2145,"featured_media":0,"parent":0,"menu_order":0,"comment_status":"closed","ping_status":"closed","template":"","meta":[],"acf":[],"_links":{"self":[{"href":"https:\/\/insvillaangela-cha.infd.edu.ar\/sitio\/wp-json\/wp\/v2\/pages\/918"}],"collection":[{"href":"https:\/\/insvillaangela-cha.infd.edu.ar\/sitio\/wp-json\/wp\/v2\/pages"}],"about":[{"href":"https:\/\/insvillaangela-cha.infd.edu.ar\/sitio\/wp-json\/wp\/v2\/types\/page"}],"author":[{"embeddable":true,"href":"https:\/\/insvillaangela-cha.infd.edu.ar\/sitio\/wp-json\/wp\/v2\/users\/2145"}],"replies":[{"embeddable":true,"href":"https:\/\/insvillaangela-cha.infd.edu.ar\/sitio\/wp-json\/wp\/v2\/comments?post=918"}],"version-history":[{"count":3,"href":"https:\/\/insvillaangela-cha.infd.edu.ar\/sitio\/wp-json\/wp\/v2\/pages\/918\/revisions"}],"predecessor-version":[{"id":1302,"href":"https:\/\/insvillaangela-cha.infd.edu.ar\/sitio\/wp-json\/wp\/v2\/pages\/918\/revisions\/1302"}],"wp:attachment":[{"href":"https:\/\/insvillaangela-cha.infd.edu.ar\/sitio\/wp-json\/wp\/v2\/media?parent=918"}],"curies":[{"name":"wp","href":"https:\/\/api.w.org\/{rel}","templated":true}]}}