{"id":934,"date":"2018-08-30T16:38:17","date_gmt":"2018-08-30T19:38:17","guid":{"rendered":"https:\/\/insvillaangela-cha.infd.edu.ar\/sitio\/autoridades\/"},"modified":"2020-06-18T14:51:28","modified_gmt":"2020-06-18T17:51:28","slug":"autoridades","status":"publish","type":"page","link":"https:\/\/insvillaangela-cha.infd.edu.ar\/sitio\/autoridades\/","title":{"rendered":"Autoridades"},"content":{"rendered":"<p>RECTOR GUILLERMO BUYATTI<\/p>\n<p>VICERECTORA\u00a0VIVIANA MORALES<\/p>\n<p>VICERECTORA GLADIS VITARELLI<\/p>\n<p>&nbsp;<\/p>\n<p>SECRETARIA\u00a0MARIA DEL CARMEN L\u00d3PEZ<\/p>\n<p>&nbsp;<\/p>\n<table width=\"654\">\n<tbody>\n<tr>\n<td width=\"323\">COORDINADORA PEDAG\u00d3GICA<\/td>\n<td width=\"113\">Lorena Elizabeth<\/p>\n<p>N\u00fa\u00f1ez Bastacine<\/td>\n<td width=\"217\">lorebastacine@hotmail.com<\/td>\n<\/tr>\n<tr>\n<td width=\"323\">\u00b7\u00a0 TECNICATURA SUPERIOR EN GESTI\u00d3N AGROPECUARIA<\/p>\n<p>\u00b7\u00a0 TECNICATURA SUPERIOR EN TURISMO<\/p>\n<p>\u00b7\u00a0 TECNICATURA SUPERIOR EN TECNOLOG\u00cdA DE LOS ALIMENTOS<\/td>\n<td width=\"113\">Mart\u00edn<\/p>\n<p>Alonso<\/td>\n<td width=\"217\">martinoalonso@hotmail.com<\/td>\n<\/tr>\n<tr>\n<td width=\"323\">PROFESORADO EN EDUCACI\u00d3N ESPECIAL EN DISCAPACITADOS MENTALES<\/td>\n<td width=\"113\">Sandra Estela<\/p>\n<p>Ayala<\/td>\n<td width=\"217\">sandra74ayala@gmail.com<\/td>\n<\/tr>\n<tr>\n<td width=\"323\">PROFESORADO EN CIENCIAS DE LA EDUCACI\u00d3N<\/td>\n<td width=\"113\">Andrea<\/p>\n<p>Bilan<\/td>\n<td width=\"217\">andreabilan@gmail.com<\/td>\n<\/tr>\n<tr>\n<td width=\"323\">PROFESORADO PARA EDUCACI\u00d3N SECUNDARIA EN LENGUA<\/td>\n<td width=\"113\">Brenda Anal\u00eda<\/p>\n<p>Cena<\/td>\n<td width=\"217\">lenguayliteraturaiesva@gmail.com<\/td>\n<\/tr>\n<tr>\n<td width=\"323\">PROFESORADO PARA EDUCACI\u00d3N SECUNDARIA EN MATEM\u00c1TICA<\/td>\n<td width=\"113\">Patricia<\/p>\n<p>Collis<\/td>\n<td width=\"217\">patocollis@yahoo.com.ar<\/td>\n<\/tr>\n<tr>\n<td width=\"323\">PROFESORADO PARA EDUCACI\u00d3N SECUNDARIA EN HISTORIA<\/td>\n<td width=\"113\">Monica Viviana<\/p>\n<p>I\u00f1iguez<\/td>\n<td width=\"217\">movin1970@yahoo.com.ar<\/td>\n<\/tr>\n<tr>\n<td width=\"323\">PROFESORADO PARA NIVEL PRIMARIA<\/td>\n<td width=\"113\">Patricia<\/p>\n<p>Kek<\/td>\n<td width=\"217\">patriamaliakek@gmail.com<\/td>\n<\/tr>\n<tr>\n<td width=\"323\">PROFESORADO PARA EDUCACI\u00d3N SECUNDARIA EN QU\u00cdMICA<\/td>\n<td width=\"113\">Mar\u00eda Elena<\/p>\n<p>Korchik<\/td>\n<td width=\"217\">ma_kor25@hotmail.com<\/td>\n<\/tr>\n<tr>\n<td width=\"323\">PROFESORADO PARA NIVEL INICIAL<\/td>\n<td width=\"113\">Karina<\/p>\n<p>Maurino<\/td>\n<td width=\"217\">karinamaurino2@gmail.com<\/td>\n<\/tr>\n<tr>\n<td width=\"323\">PROFESORADO PARA EDUCACI\u00d3N SECUNDARIA EN BIOLOG\u00cdA<\/td>\n<td width=\"113\">Juana In\u00e9s<\/p>\n<p>Ruiz Diaz<\/td>\n<td width=\"217\">profejuanaines@gmail.com<\/td>\n<\/tr>\n<\/tbody>\n<\/table>\n","protected":false},"excerpt":{"rendered":"<p>RECTOR GUILLERMO BUYATTI VICERECTORA\u00a0VIVIANA MORALES VICERECTORA GLADIS VITARELLI &nbsp; SECRETARIA\u00a0MARIA DEL CARMEN L\u00d3PEZ &nbsp; COORDINADORA PEDAG\u00d3GICA Lorena Elizabeth N\u00fa\u00f1ez Bastacine lorebastacine@hotmail.com \u00b7\u00a0 TECNICATURA SUPERIOR EN GESTI\u00d3N AGROPECUARIA \u00b7\u00a0 TECNICATURA SUPERIOR EN TURISMO \u00b7\u00a0 TECNICATURA SUPERIOR EN TECNOLOG\u00cdA DE LOS ALIMENTOS Mart\u00edn Alonso martinoalonso@hotmail.com PROFESORADO EN EDUCACI\u00d3N ESPECIAL EN DISCAPACITADOS MENTALES Sandra Estela Ayala sandra74ayala@gmail.com PROFESORADO &#8230; <a title=\"Autoridades\" class=\"read-more\" href=\"https:\/\/insvillaangela-cha.infd.edu.ar\/sitio\/autoridades\/\" aria-label=\"More on Autoridades\">[+]<\/a><\/p>\n","protected":false},"author":2145,"featured_media":0,"parent":0,"menu_order":0,"comment_status":"closed","ping_status":"closed","template":"","meta":[],"acf":[],"_links":{"self":[{"href":"https:\/\/insvillaangela-cha.infd.edu.ar\/sitio\/wp-json\/wp\/v2\/pages\/934"}],"collection":[{"href":"https:\/\/insvillaangela-cha.infd.edu.ar\/sitio\/wp-json\/wp\/v2\/pages"}],"about":[{"href":"https:\/\/insvillaangela-cha.infd.edu.ar\/sitio\/wp-json\/wp\/v2\/types\/page"}],"author":[{"embeddable":true,"href":"https:\/\/insvillaangela-cha.infd.edu.ar\/sitio\/wp-json\/wp\/v2\/users\/2145"}],"replies":[{"embeddable":true,"href":"https:\/\/insvillaangela-cha.infd.edu.ar\/sitio\/wp-json\/wp\/v2\/comments?post=934"}],"version-history":[{"count":4,"href":"https:\/\/insvillaangela-cha.infd.edu.ar\/sitio\/wp-json\/wp\/v2\/pages\/934\/revisions"}],"predecessor-version":[{"id":1212,"href":"https:\/\/insvillaangela-cha.infd.edu.ar\/sitio\/wp-json\/wp\/v2\/pages\/934\/revisions\/1212"}],"wp:attachment":[{"href":"https:\/\/insvillaangela-cha.infd.edu.ar\/sitio\/wp-json\/wp\/v2\/media?parent=934"}],"curies":[{"name":"wp","href":"https:\/\/api.w.org\/{rel}","templated":true}]}}