{"id":936,"date":"2018-08-30T16:38:17","date_gmt":"2018-08-30T19:38:17","guid":{"rendered":"https:\/\/insvillaangela-cha.infd.edu.ar\/sitio\/historia\/"},"modified":"2021-06-03T11:15:10","modified_gmt":"2021-06-03T14:15:10","slug":"su-historia","status":"publish","type":"page","link":"https:\/\/insvillaangela-cha.infd.edu.ar\/sitio\/su-historia\/","title":{"rendered":"HISTORIA INSTITUCIONAL"},"content":{"rendered":"<h4><img decoding=\"async\" loading=\"lazy\" class=\"size-medium wp-image-1494 aligncenter\" src=\"https:\/\/insvillaangela-cha.infd.edu.ar\/sitio\/wp-content\/uploads\/2021\/06\/WhatsApp-Image-2021-06-02-at-19.12.17-1000x570.jpeg\" alt=\"\" width=\"1000\" height=\"570\" srcset=\"https:\/\/insvillaangela-cha.infd.edu.ar\/sitio\/wp-content\/uploads\/2021\/06\/WhatsApp-Image-2021-06-02-at-19.12.17-1000x570.jpeg 1000w, https:\/\/insvillaangela-cha.infd.edu.ar\/sitio\/wp-content\/uploads\/2021\/06\/WhatsApp-Image-2021-06-02-at-19.12.17-768x437.jpeg 768w, https:\/\/insvillaangela-cha.infd.edu.ar\/sitio\/wp-content\/uploads\/2021\/06\/WhatsApp-Image-2021-06-02-at-19.12.17.jpeg 1280w\" sizes=\"(max-width: 1000px) 100vw, 1000px\" \/><\/h4>\n<h4>El IESVA \u2013Instituto de Educaci\u00f3n Superior \u201cVilla \u00c1ngela\u201d- fue creado el 20 de mayo de 1974. Con una trayectoria de m\u00e1s de 40 a\u00f1os, nace para formar docentes para Nivel Primario.<\/h4>\n<h4>El Instituto sufri\u00f3 una serie de transformaciones desde su fundaci\u00f3n. Se pueden diferenciar las siguientes etapas.<\/h4>\n<h4>La primera: desde 1974 hasta 1983, es la etapa llamada INSTITUTO DE FORMACI\u00d3N DOCENTE y estaba destinado a la formaci\u00f3n de maestros de Nivel Primario.<\/h4>\n<h4>La segunda: desde 1983 hasta 1990, pasa a llamarse INSTITUTO SUPERIOR DEL PROFESORADO, se adicionan los profesorados de Nivel Pre-Primario, Educaci\u00f3n Especial, Bibliotecolog\u00eda, Historia, Lengua y Literatura y finalmente Matem\u00e1tica, F\u00edsica y Qu\u00edmica.<\/h4>\n<h4>\u00a0La tercera: desde 1990 hasta 2013, se denomina INSTITUTO DE NIVEL TERCIARIO, en esta etapa progresivamente se van incorporando carreras t\u00e9cnicas (tecnicaturas), tanto en la sede (Villa \u00c1ngela) como en los anexos (Samuh\u00fa y Coronel Du Graty). Per\u00edodo en que se cierran algunas carreras docentes y otras sufren transformaciones.<\/h4>\n<h4>La cuarta: desde 2013 en adelante, se llama INSTITUTO DE EDUCACI\u00d3N SUPERIOR \u201cVILLA \u00c1NGELA\u201d. Sito en Luis Braile y Rivadavia, tel\u00e9fono 03735-430808, mail <a href=\"mailto:institutovillaangela@yahoo.com.ar\">institutovillaangela@yahoo.com.ar<\/a>. El \u201ccontrato fundacional\u201d que dio origen al IESVA se modific\u00f3 para poder responder a las demandas del contexto social, econ\u00f3mico, cultural.<\/h4>\n<h4>El 12 de mayo de 2017 el IESVA inaugura su edificio propio edificio. Luego de cuarenta y tres a\u00f1os de vida institucional y de innumerables gestiones y reclamos de directivos, docentes y estudiantes la comunidad educativa se traslada desde el edificio compartido con la EES N\u00ba 9 a sus propias instalaciones.<\/h4>\n<ul>\n<li>\n<h4>Veintid\u00f3s aulas que funcionan en tres turnos de 07:30 a 22:30 de manera continua. Esto posibilita la organizaci\u00f3n de las Unidades Curriculares del Campo de la Formaci\u00f3n General distribuidos en distintos momentos de la jornada y a elecci\u00f3n del estudiante;<\/h4>\n<\/li>\n<li>\n<h4>Biblioteca con 12000 ejemplares;<\/h4>\n<\/li>\n<li>\n<h4>Laboratorio de Ciencias Naturales totalmente equipado;<\/h4>\n<\/li>\n<li>\n<h4>Laboratorio de inform\u00e1tica;<\/h4>\n<\/li>\n<li>\n<h4>Plurisala Maternal para hijos de estudiantes y docentes;<\/h4>\n<\/li>\n<li>\n<h4>Sala de reuniones del Consejo Directivo;<\/h4>\n<\/li>\n<li>\n<h4>Sala de reuniones del Centro de de Estudiantes;<\/h4>\n<\/li>\n<li>\n<h4>Sal\u00f3n de Usos M\u00faltiples;<\/h4>\n<\/li>\n<li>\n<h4>Sala de profesores;<\/h4>\n<\/li>\n<li>\n<h4>Sala de reuniones;<\/h4>\n<\/li>\n<li>\n<h4>Centro de fotocopiado;<\/h4>\n<\/li>\n<li>\n<h4>Cantina escolar;<\/h4>\n<\/li>\n<li>\n<h4>Sanitarios para personal de la instituci\u00f3n y para los estudiantes en planta baja y planta alta.<\/h4>\n<\/li>\n<li>\n<h4>La administraci\u00f3n cuenta en planta baja con Secretar\u00eda, Bedel\u00eda, Rector\u00eda y en planta alta vice rector\u00eda, Direcciones de Estudio con espacios destinados a la coordinaci\u00f3n pedag\u00f3gica, a cada carrera, a la coordinaci\u00f3n de tecnicaturas, a t\u00edtulos y post\u00edtulos.<\/h4>\n<\/li>\n<\/ul>\n<h4>El IESVA instrumenta carreras docentes y carreras t\u00e9cnicas.<\/h4>\n<table width=\"631\">\n<tbody>\n<tr>\n<td width=\"26\">\n<h4><\/h4>\n<\/td>\n<td width=\"518\">\n<h4>Carrera<\/h4>\n<\/td>\n<td width=\"87\">\n<h4>A\u00f1o de creaci\u00f3n<\/h4>\n<\/td>\n<\/tr>\n<tr>\n<td width=\"26\">\n<h4>1.<\/h4>\n<\/td>\n<td width=\"518\">\n<h4>Profesorado\u00a0 para Educaci\u00f3n Secundaria en LENGUA Y LITERATURA<\/h4>\n<\/td>\n<td width=\"87\">\n<h4>1983<\/h4>\n<\/td>\n<\/tr>\n<tr>\n<td width=\"26\">\n<h4>2.<\/h4>\n<\/td>\n<td width=\"518\">\n<h4>Profesorado\u00a0 para Educaci\u00f3n Secundaria en HISTORIA<\/h4>\n<\/td>\n<td width=\"87\">\n<h4>1983<\/h4>\n<\/td>\n<\/tr>\n<tr>\n<td width=\"26\">\n<h4>3.<\/h4>\n<\/td>\n<td width=\"518\">\n<h4>Profesorado\u00a0 para Educaci\u00f3n Secundaria en BIOLOGIA<\/h4>\n<\/td>\n<td width=\"87\">\n<h4>1999<\/h4>\n<\/td>\n<\/tr>\n<tr>\n<td width=\"26\">\n<h4>4.<\/h4>\n<\/td>\n<td width=\"518\">\n<h4>Profesorado\u00a0 para Educaci\u00f3n Secundaria en QUIMICA<\/h4>\n<\/td>\n<td width=\"87\">\n<h4>1999<\/h4>\n<\/td>\n<\/tr>\n<tr>\n<td width=\"26\">\n<h4>5.<\/h4>\n<\/td>\n<td width=\"518\">\n<h4>Profesorado\u00a0 para Educaci\u00f3n Secundaria en MATEMATICA<\/h4>\n<\/td>\n<td width=\"87\">\n<h4>1990<\/h4>\n<\/td>\n<\/tr>\n<tr>\n<td width=\"26\">\n<h4>6.<\/h4>\n<\/td>\n<td width=\"518\">\n<h4>Profesorado Superior en CIENCIAS DE LA EDUCACI\u00d3N<\/h4>\n<\/td>\n<td width=\"87\">\n<h4>2017<\/h4>\n<\/td>\n<\/tr>\n<tr>\n<td width=\"26\">\n<h4>7.<\/h4>\n<\/td>\n<td width=\"518\">\n<h4>Profesorado de EDUCACI\u00d3N ESPECIAL con Orientaci\u00f3n en Discapacidad Intelectual<\/h4>\n<\/td>\n<td width=\"87\">\n<h4>1983<\/h4>\n<\/td>\n<\/tr>\n<tr>\n<td width=\"26\">\n<h4>8.<\/h4>\n<\/td>\n<td width=\"518\">\n<h4>Profesorado para la EDUCACI\u00d3N PRIMARIA<\/h4>\n<\/td>\n<td width=\"87\">\n<h4>1972 a 2000\/<\/h4>\n<h4>2010<\/h4>\n<\/td>\n<\/tr>\n<tr>\n<td width=\"26\">\n<h4>9.<\/h4>\n<\/td>\n<td width=\"518\">\n<h4>Profesorado para la EDUCACI\u00d3N INICIAL<\/h4>\n<\/td>\n<td width=\"87\">\n<h4>1983 a 2000\/<\/h4>\n<h4>2015<\/h4>\n<\/td>\n<\/tr>\n<tr>\n<td width=\"26\">\n<h4>10.<\/h4>\n<\/td>\n<td width=\"518\">\n<h4>Tecnicatura Superior en Tecnolog\u00eda de los ALIMENTOS<\/h4>\n<\/td>\n<td width=\"87\">\n<h4>2016<\/h4>\n<\/td>\n<\/tr>\n<tr>\n<td width=\"26\">\n<h4>11.<\/h4>\n<\/td>\n<td width=\"518\">\n<h4>Tecnicatura Superior en PRODUCCION AGROPECUARIA<\/h4>\n<\/td>\n<td width=\"87\">\n<h4>2005<\/h4>\n<\/td>\n<\/tr>\n<tr>\n<td width=\"26\">\n<h4>12.<\/h4>\n<\/td>\n<td width=\"518\">\n<h4>Tecnicatura FORESTAL<\/h4>\n<\/td>\n<td width=\"87\">\n<h4>2019<\/h4>\n<\/td>\n<\/tr>\n<\/tbody>\n<\/table>\n<h4><\/h4>\n","protected":false},"excerpt":{"rendered":"<p>El IESVA \u2013Instituto de Educaci\u00f3n Superior \u201cVilla \u00c1ngela\u201d- fue creado el 20 de mayo de 1974. Con una trayectoria de m\u00e1s de 40 a\u00f1os, nace para formar docentes para Nivel Primario. El Instituto sufri\u00f3 una serie de transformaciones desde su fundaci\u00f3n. Se pueden diferenciar las siguientes etapas. La primera: desde 1974 hasta 1983, es la &#8230; <a title=\"HISTORIA INSTITUCIONAL\" class=\"read-more\" href=\"https:\/\/insvillaangela-cha.infd.edu.ar\/sitio\/su-historia\/\" aria-label=\"More on HISTORIA INSTITUCIONAL\">[+]<\/a><\/p>\n","protected":false},"author":2145,"featured_media":0,"parent":0,"menu_order":0,"comment_status":"closed","ping_status":"closed","template":"","meta":[],"acf":[],"_links":{"self":[{"href":"https:\/\/insvillaangela-cha.infd.edu.ar\/sitio\/wp-json\/wp\/v2\/pages\/936"}],"collection":[{"href":"https:\/\/insvillaangela-cha.infd.edu.ar\/sitio\/wp-json\/wp\/v2\/pages"}],"about":[{"href":"https:\/\/insvillaangela-cha.infd.edu.ar\/sitio\/wp-json\/wp\/v2\/types\/page"}],"author":[{"embeddable":true,"href":"https:\/\/insvillaangela-cha.infd.edu.ar\/sitio\/wp-json\/wp\/v2\/users\/2145"}],"replies":[{"embeddable":true,"href":"https:\/\/insvillaangela-cha.infd.edu.ar\/sitio\/wp-json\/wp\/v2\/comments?post=936"}],"version-history":[{"count":3,"href":"https:\/\/insvillaangela-cha.infd.edu.ar\/sitio\/wp-json\/wp\/v2\/pages\/936\/revisions"}],"predecessor-version":[{"id":1495,"href":"https:\/\/insvillaangela-cha.infd.edu.ar\/sitio\/wp-json\/wp\/v2\/pages\/936\/revisions\/1495"}],"wp:attachment":[{"href":"https:\/\/insvillaangela-cha.infd.edu.ar\/sitio\/wp-json\/wp\/v2\/media?parent=936"}],"curies":[{"name":"wp","href":"https:\/\/api.w.org\/{rel}","templated":true}]}}