{"id":947,"date":"2018-08-30T16:38:22","date_gmt":"2018-08-30T19:38:22","guid":{"rendered":"https:\/\/insvillaangela-cha.infd.edu.ar\/sitio\/plan-de-estudios-4\/"},"modified":"2020-06-18T23:30:50","modified_gmt":"2020-06-19T02:30:50","slug":"tecnicat-forestal","status":"publish","type":"page","link":"https:\/\/insvillaangela-cha.infd.edu.ar\/sitio\/tecnicat-forestal\/","title":{"rendered":"T\u00e9cnico Superior en Producci\u00f3n Forestal"},"content":{"rendered":"<h1 style=\"text-align: center;\"><img decoding=\"async\" loading=\"lazy\" class=\" wp-image-1248 alignleft\" src=\"https:\/\/insvillaangela-cha.infd.edu.ar\/sitio\/wp-content\/uploads\/2020\/06\/tecnicat-FORESTAL-IESVA-1000x980.jpg\" alt=\"\" width=\"178\" height=\"175\" srcset=\"https:\/\/insvillaangela-cha.infd.edu.ar\/sitio\/wp-content\/uploads\/2020\/06\/tecnicat-FORESTAL-IESVA-1000x980.jpg 1000w, https:\/\/insvillaangela-cha.infd.edu.ar\/sitio\/wp-content\/uploads\/2020\/06\/tecnicat-FORESTAL-IESVA-768x753.jpg 768w, https:\/\/insvillaangela-cha.infd.edu.ar\/sitio\/wp-content\/uploads\/2020\/06\/tecnicat-FORESTAL-IESVA-1900x1863.jpg 1900w\" sizes=\"(max-width: 178px) 100vw, 178px\" \/>Plan de Estudio<\/h1>\n<table width=\"536\">\n<tbody>\n<tr>\n<td width=\"83\"><strong>A\u00d1O<\/strong><\/td>\n<td width=\"246\"><strong>Espacio Curricular<\/strong><\/td>\n<td width=\"85\">Horas c\u00e1tedras semanales<\/td>\n<td width=\"123\">R\u00e9gimen<\/p>\n<p>De cursada<\/td>\n<\/tr>\n<tr>\n<td rowspan=\"8\" width=\"83\"><strong>PRIMER A\u00d1O<\/strong><\/td>\n<td width=\"246\">Elementos de Matem\u00e1tica y Estad\u00edstica<\/td>\n<td width=\"85\">\u00a0\u00a0\u00a0\u00a0 3<\/td>\n<td width=\"123\">Anual<\/td>\n<\/tr>\n<tr>\n<td width=\"246\">Aplicaciones de la F\u00edsica-Qu\u00edmica<\/td>\n<td width=\"85\">\u00a0\u00a0\u00a0\u00a0 4<\/td>\n<td width=\"123\">Anual<\/td>\n<\/tr>\n<tr>\n<td width=\"246\">Bot\u00e1nica General y Forestal<\/td>\n<td width=\"85\">\u00a0\u00a0\u00a0\u00a0 4<\/td>\n<td width=\"123\">Anual<\/td>\n<\/tr>\n<tr>\n<td width=\"246\">Instalaciones, M\u00e1quinas y Herramientas Forestales<\/td>\n<td width=\"85\">\u00a0\u00a0\u00a0\u00a0 3<\/td>\n<td width=\"123\">Anual<\/td>\n<\/tr>\n<tr>\n<td width=\"246\">Taller de T\u00e9cnicas de Redacci\u00f3n y Oratoria<\/td>\n<td width=\"85\">\u00a0\u00a0\u00a0\u00a0 6<\/td>\n<td width=\"123\">Anual<\/td>\n<\/tr>\n<tr>\n<td width=\"246\">Empresa e Iniciativa Emprendedora<\/td>\n<td width=\"85\">\u00a0\u00a0\u00a0\u00a0 3<\/td>\n<td width=\"123\">\u00a0Anual<\/td>\n<\/tr>\n<tr>\n<td width=\"246\">Pr\u00e1cticas Profesionalizantes I<\/td>\n<td width=\"85\">\u00a0\u00a0\u00a0\u00a0 6<\/td>\n<td width=\"123\">\u00a0Anual<\/td>\n<\/tr>\n<tr>\n<td width=\"246\"><\/td>\n<td width=\"85\"><\/td>\n<td width=\"123\"><\/td>\n<\/tr>\n<tr>\n<td rowspan=\"8\" width=\"83\"><strong>SEGUNDO<\/strong><\/p>\n<p><strong>A\u00d1O<\/strong><\/td>\n<td width=\"246\">Territorio y Desarrollo Local<\/td>\n<td width=\"85\">\u00a0\u00a0\u00a0\u00a0 6<\/td>\n<td width=\"123\">Cuatrimestral 1\u00ba<\/td>\n<\/tr>\n<tr>\n<td width=\"246\">Sanidad Forestal<\/td>\n<td width=\"85\">\u00a0\u00a0\u00a0\u00a0 6<\/td>\n<td width=\"123\">Cuatrimestral 2\u00ba<\/td>\n<\/tr>\n<tr>\n<td width=\"246\">Silvicultura y Protecci\u00f3n Forestal<\/td>\n<td width=\"85\">\u00a0\u00a0\u00a0\u00a0 4<\/td>\n<td width=\"123\">Anual<\/td>\n<\/tr>\n<tr>\n<td width=\"246\">Climatolog\u00eda y Edafolog\u00eda<\/td>\n<td width=\"85\">\u00a0\u00a0\u00a0\u00a0 3<\/td>\n<td width=\"123\">Anual<\/td>\n<\/tr>\n<tr>\n<td width=\"246\">\u00a0Viveros Forestales<\/td>\n<td width=\"85\">\u00a0\u00a0\u00a0\u00a0\u00a0 4<\/td>\n<td width=\"123\">Anual<\/td>\n<\/tr>\n<tr>\n<td width=\"246\">\u00a0Mediciones Forestales<\/td>\n<td width=\"85\">\u00a0\u00a0\u00a0\u00a0\u00a0 3<\/td>\n<td width=\"123\">Anual<\/td>\n<\/tr>\n<tr>\n<td width=\"246\">Pr\u00e1cticas Profesionalizantes II<\/td>\n<td width=\"85\">\u00a0\u00a0\u00a0\u00a0\u00a0 8<\/td>\n<td width=\"123\">Anual<\/td>\n<\/tr>\n<tr>\n<td width=\"246\"><\/td>\n<td width=\"85\"><\/td>\n<td width=\"123\"><\/td>\n<\/tr>\n<tr>\n<td rowspan=\"7\" width=\"83\"><strong>TERCER<\/strong><\/p>\n<p><strong>A\u00d1O<\/strong><\/td>\n<td width=\"246\">Elaboraci\u00f3n y Evaluaci\u00f3n de Proyectos Productivos<\/td>\n<td width=\"85\">\u00a0\u00a0\u00a0\u00a0\u00a0 4<\/td>\n<td width=\"123\">Anual<\/td>\n<\/tr>\n<tr>\n<td width=\"246\">Administraci\u00f3n de Empresas Forestales<\/td>\n<td width=\"85\">\u00a0\u00a0\u00a0\u00a0\u00a0 4<\/td>\n<td width=\"123\">Anual<\/td>\n<\/tr>\n<tr>\n<td width=\"246\">Legislaci\u00f3n y Recursos Humanos<\/td>\n<td width=\"85\">\u00a0\u00a0\u00a0\u00a0\u00a0 6<\/td>\n<td width=\"123\">Cuatrimestral 2\u00ba<\/td>\n<\/tr>\n<tr>\n<td width=\"246\">Industrializaci\u00f3n y Dise\u00f1o<\/td>\n<td width=\"85\">\u00a0\u00a0\u00a0\u00a0\u00a0 4<\/td>\n<td width=\"123\">Anual<\/td>\n<\/tr>\n<tr>\n<td width=\"246\">Ingl\u00e9s<\/td>\n<td width=\"85\">\u00a0\u00a0\u00a0\u00a0\u00a0 4<\/td>\n<td width=\"123\">Anual<\/td>\n<\/tr>\n<tr>\n<td width=\"246\">Inform\u00e1tica<\/td>\n<td width=\"85\">\u00a0\u00a0\u00a0\u00a0\u00a0 6<\/td>\n<td width=\"123\">Cuatrimestral 1\u00ba<\/td>\n<\/tr>\n<tr>\n<td width=\"246\">Pr\u00e1cticas Profesionalizantes III<\/td>\n<td width=\"85\">\u00a0\u00a0\u00a0\u00a0\u00a0 6<\/td>\n<td width=\"123\">Anual<\/td>\n<\/tr>\n<\/tbody>\n<\/table>\n","protected":false},"excerpt":{"rendered":"<p>Plan de Estudio A\u00d1O Espacio Curricular Horas c\u00e1tedras semanales R\u00e9gimen De cursada PRIMER A\u00d1O Elementos de Matem\u00e1tica y Estad\u00edstica \u00a0\u00a0\u00a0\u00a0 3 Anual Aplicaciones de la F\u00edsica-Qu\u00edmica \u00a0\u00a0\u00a0\u00a0 4 Anual Bot\u00e1nica General y Forestal \u00a0\u00a0\u00a0\u00a0 4 Anual Instalaciones, M\u00e1quinas y Herramientas Forestales \u00a0\u00a0\u00a0\u00a0 3 Anual Taller de T\u00e9cnicas de Redacci\u00f3n y Oratoria \u00a0\u00a0\u00a0\u00a0 6 Anual Empresa &#8230; <a title=\"T\u00e9cnico Superior en Producci\u00f3n Forestal\" class=\"read-more\" href=\"https:\/\/insvillaangela-cha.infd.edu.ar\/sitio\/tecnicat-forestal\/\" aria-label=\"More on T\u00e9cnico Superior en Producci\u00f3n Forestal\">[+]<\/a><\/p>\n","protected":false},"author":2145,"featured_media":0,"parent":0,"menu_order":0,"comment_status":"closed","ping_status":"closed","template":"","meta":[],"acf":[],"_links":{"self":[{"href":"https:\/\/insvillaangela-cha.infd.edu.ar\/sitio\/wp-json\/wp\/v2\/pages\/947"}],"collection":[{"href":"https:\/\/insvillaangela-cha.infd.edu.ar\/sitio\/wp-json\/wp\/v2\/pages"}],"about":[{"href":"https:\/\/insvillaangela-cha.infd.edu.ar\/sitio\/wp-json\/wp\/v2\/types\/page"}],"author":[{"embeddable":true,"href":"https:\/\/insvillaangela-cha.infd.edu.ar\/sitio\/wp-json\/wp\/v2\/users\/2145"}],"replies":[{"embeddable":true,"href":"https:\/\/insvillaangela-cha.infd.edu.ar\/sitio\/wp-json\/wp\/v2\/comments?post=947"}],"version-history":[{"count":10,"href":"https:\/\/insvillaangela-cha.infd.edu.ar\/sitio\/wp-json\/wp\/v2\/pages\/947\/revisions"}],"predecessor-version":[{"id":1293,"href":"https:\/\/insvillaangela-cha.infd.edu.ar\/sitio\/wp-json\/wp\/v2\/pages\/947\/revisions\/1293"}],"wp:attachment":[{"href":"https:\/\/insvillaangela-cha.infd.edu.ar\/sitio\/wp-json\/wp\/v2\/media?parent=947"}],"curies":[{"name":"wp","href":"https:\/\/api.w.org\/{rel}","templated":true}]}}