{"id":951,"date":"2018-08-30T16:38:24","date_gmt":"2018-08-30T19:38:24","guid":{"rendered":"https:\/\/insvillaangela-cha.infd.edu.ar\/sitio\/informacion\/"},"modified":"2020-12-15T23:51:09","modified_gmt":"2020-12-16T02:51:09","slug":"elegi_historia_en_el_iesva","status":"publish","type":"page","link":"https:\/\/insvillaangela-cha.infd.edu.ar\/sitio\/elegi_historia_en_el_iesva\/","title":{"rendered":"ELEG\u00cd HISTORIA EN EL IESVA"},"content":{"rendered":"<table width=\"491\">\n<tbody>\n<tr>\n<td width=\"491\">\n<h1 style=\"text-align: center;\"><img decoding=\"async\" loading=\"lazy\" class=\"size-full wp-image-1055 alignleft\" src=\"https:\/\/insvillaangela-cha.infd.edu.ar\/sitio\/wp-content\/uploads\/2019\/10\/iesva-logo-chico.jpg\" alt=\"\" width=\"151\" height=\"151\" \/>I.E.S.V.A<img decoding=\"async\" loading=\"lazy\" class=\"alignright\" src=\"https:\/\/seeklogo.com\/images\/T\/the-history-channel-logo-A5BA467B18-seeklogo.com.png\" alt=\"HIW\" width=\"383\" height=\"308\" \/><\/h1>\n<h1 style=\"text-align: center;\">INSTITUTO DE EDUCACI\u00d3N SUPERIOR \u201cVILLA \u00c1NGELA\u201d<\/h1>\n<h4><em>El \u201cProfesorado de Historia\u201d<\/em><em> surge en 1983 en el Instituto de Nivel Terciario de Villa \u00c1ngela por una demanda social, la necesidad de brindar\u00a0 educaci\u00f3n para formar profesores para el Nivel Medio, y conseguir a la vez una salida laboral para los j\u00f3venes; comenzando a funcionar a partir de 1984<\/em><\/h4>\n<h4>DENOMINACI\u00d3N DE LA CARRERA<\/h4>\n<h4>Profesorado de Educaci\u00f3n Secundaria en Historia.<\/h4>\n<h4><\/h4>\n<h1 style=\"text-align: center;\">TITULO QUE OTORGA LA CARRERA<\/h1>\n<h1 style=\"text-align: center;\">Profesor\/a de Educaci\u00f3n Secundaria en Historia.<\/h1>\n<h4><\/h4>\n<h4>ALCANCES DEL T\u00cdTULO<\/h4>\n<h4>\u00a0Los egresados est\u00e1n habilitados para el ejercicio de la docencia para\u00a0la Educaci\u00f3n Secundaria.<\/h4>\n<h4>\u00a0Reconocimiento acad\u00e9mico del t\u00edtulo de pregrado para continuar estudios de pos titulaciones.<\/h4>\n<h4><\/h4>\n<h1 style=\"text-align: center;\">DURACI\u00d3N DE LA CARRERA: 4 A\u00d1OS<\/h1>\n<h4>CONDICIONES DE ACCESO:<\/h4>\n<h4>Poseer t\u00edtulo de nivel medio para acceder a estudios conducentes a titulaciones docentes. Excepcionalmente, los mayores de 25 a\u00f1os que no re\u00fanan esa condici\u00f3n, podr\u00e1n ingresar seg\u00fan lo establecido por el Art N\u00b0 7 de la Ley de Educaci\u00f3n Superior N\u00b0 24521.<\/h4>\n<h1 style=\"text-align: center;\"><strong><em>El conocimiento de la historia,\u00a0<\/em><\/strong><strong><em>Te dar\u00e1 argumentos para construir tu futuro\u201d&#8230;<\/em><\/strong><\/h1>\n<\/td>\n<\/tr>\n<tr>\n<td width=\"491\"><\/td>\n<\/tr>\n<\/tbody>\n<\/table>\n<p><img decoding=\"async\" loading=\"lazy\" class=\" wp-image-1440 aligncenter\" src=\"https:\/\/insvillaangela-cha.infd.edu.ar\/sitio\/wp-content\/uploads\/2020\/12\/historia-1.jpg\" alt=\"\" width=\"1153\" height=\"813\" srcset=\"https:\/\/insvillaangela-cha.infd.edu.ar\/sitio\/wp-content\/uploads\/2020\/12\/historia-1.jpg 800w, https:\/\/insvillaangela-cha.infd.edu.ar\/sitio\/wp-content\/uploads\/2020\/12\/historia-1-768x541.jpg 768w\" sizes=\"(max-width: 1153px) 100vw, 1153px\" \/> <img decoding=\"async\" loading=\"lazy\" class=\" wp-image-1441 aligncenter\" src=\"https:\/\/insvillaangela-cha.infd.edu.ar\/sitio\/wp-content\/uploads\/2020\/12\/historia-2.jpg\" alt=\"\" width=\"1063\" height=\"762\" srcset=\"https:\/\/insvillaangela-cha.infd.edu.ar\/sitio\/wp-content\/uploads\/2020\/12\/historia-2.jpg 800w, https:\/\/insvillaangela-cha.infd.edu.ar\/sitio\/wp-content\/uploads\/2020\/12\/historia-2-768x550.jpg 768w\" sizes=\"(max-width: 1063px) 100vw, 1063px\" \/><\/p>\n","protected":false},"excerpt":{"rendered":"<p>I.E.S.V.A INSTITUTO DE EDUCACI\u00d3N SUPERIOR \u201cVILLA \u00c1NGELA\u201d El \u201cProfesorado de Historia\u201d surge en 1983 en el Instituto de Nivel Terciario de Villa \u00c1ngela por una demanda social, la necesidad de brindar\u00a0 educaci\u00f3n para formar profesores para el Nivel Medio, y conseguir a la vez una salida laboral para los j\u00f3venes; comenzando a funcionar a partir &#8230; <a title=\"ELEG\u00cd HISTORIA EN EL IESVA\" class=\"read-more\" href=\"https:\/\/insvillaangela-cha.infd.edu.ar\/sitio\/elegi_historia_en_el_iesva\/\" aria-label=\"More on ELEG\u00cd HISTORIA EN EL IESVA\">[+]<\/a><\/p>\n","protected":false},"author":2145,"featured_media":0,"parent":0,"menu_order":0,"comment_status":"closed","ping_status":"closed","template":"","meta":[],"acf":[],"_links":{"self":[{"href":"https:\/\/insvillaangela-cha.infd.edu.ar\/sitio\/wp-json\/wp\/v2\/pages\/951"}],"collection":[{"href":"https:\/\/insvillaangela-cha.infd.edu.ar\/sitio\/wp-json\/wp\/v2\/pages"}],"about":[{"href":"https:\/\/insvillaangela-cha.infd.edu.ar\/sitio\/wp-json\/wp\/v2\/types\/page"}],"author":[{"embeddable":true,"href":"https:\/\/insvillaangela-cha.infd.edu.ar\/sitio\/wp-json\/wp\/v2\/users\/2145"}],"replies":[{"embeddable":true,"href":"https:\/\/insvillaangela-cha.infd.edu.ar\/sitio\/wp-json\/wp\/v2\/comments?post=951"}],"version-history":[{"count":6,"href":"https:\/\/insvillaangela-cha.infd.edu.ar\/sitio\/wp-json\/wp\/v2\/pages\/951\/revisions"}],"predecessor-version":[{"id":1445,"href":"https:\/\/insvillaangela-cha.infd.edu.ar\/sitio\/wp-json\/wp\/v2\/pages\/951\/revisions\/1445"}],"wp:attachment":[{"href":"https:\/\/insvillaangela-cha.infd.edu.ar\/sitio\/wp-json\/wp\/v2\/media?parent=951"}],"curies":[{"name":"wp","href":"https:\/\/api.w.org\/{rel}","templated":true}]}}